{"id":2292,"date":"2015-01-15T13:26:43","date_gmt":"2015-01-15T12:26:43","guid":{"rendered":"http:\/\/www.rodzorza.legnica.pl\/?page_id=2292"},"modified":"2018-01-14T22:34:15","modified_gmt":"2018-01-14T21:34:15","slug":"cookie-policy-2","status":"publish","type":"page","link":"https:\/\/www.rodzorza.legnica.pl\/?page_id=2292","title":{"rendered":"Polityka stosowania plik\u00f3w COOKIES"},"content":{"rendered":"<h1><span style=\"font-family: times new roman,times; font-size: 18pt;\">Podstawa prawna obowi\u0105zku informacyjnego<\/span><\/h1>\n<p style=\"text-align: justify;\"><span style=\"font-family: times new roman,times;\">Obowi\u0105zek informowania o stosowaniu plik\u00f3w cookies przez witryny internetowe od dnia 22 marca 2013r. wynika z aktualnej tre\u015bci Ustawy Prawo Telekomunikacyjne. Wprowadzono do niej bowiem nowelizacj\u0119 (w&nbsp;dniu 16.11.2012r.), kt\u00f3ra opr\u00f3cz szeregu mniej lub bardziej istotnych zmian wprowadza najwa\u017cniejszy z naszego punktu widzenia obowi\u0105zek informowania internaut\u00f3w o stosowaniu w danej witrynie plik\u00f3w Cookie.<\/span><\/p>\n<p style=\"text-align: justify;\"><span style=\"font-family: times new roman,times;\">Sprawd\u017a tre\u015b\u0107 ustawy bezpo\u015brednio na stronie rz\u0105dowego Dziennika Ustaw: <a href=\"http:\/\/isap.sejm.gov.pl\/DetailsServlet?id=WDU20041711800\" target=\"blank\">http:\/\/isap.sejm.gov.pl<\/a> (interesuje nas Art. 173)<\/span><\/p>\n<p style=\"text-align: justify;\"><span style=\"font-family: times new roman,times;\">lub informacj\u0119 na stronie Ministerstwa Administracji i Cyfryzacji: <a href=\"https:\/\/mac.gov.pl\/dzialania\/koniec-z-drobnym-druczkiem-od-dzis-obowiazuje-nowe-prawo-telekomunikacyjne\/\" target=\"blank\">https:\/\/mac.gov.pl\/<\/a> (podpunkt dotycz\u0105cy ciasteczek)<\/span><\/p>\n<p style=\"text-align: justify;\"><span style=\"font-family: times new roman,times;\"><b>Oznacza to wprost, \u017ce wszystkie ciasteczka instalowane na komputerze podlegaj\u0105 obowi\u0105zkowemu informowaniu u\u017cytkownika ko\u0144cowego o ich stosowaniu, bowiem pliki cookie s\u0105 informacjami w rozumieniu tej Ustawy (r\u00f3wnie\u017c za interpretacj\u0105 Ministerstwa), a urz\u0105dzeniem telekomunikacyjnym jest komputer (lub inne urz\u0105dzenie, z kt\u00f3rego korzysta u\u017cytkownik naszej strony WWW).<\/b><\/span><\/p>\n<p style=\"text-align: justify;\"><span style=\"font-family: times new roman,times;\">Aktualny, pe\u0142ny tekst przedmiotowej Ustawy (Ustawa o zmianie Ustawy Prawo Telekomunikacyjne) mo\u017cna znale\u017a\u0107 na stronach rz\u0105dowego Dziennika Ustaw: <a href=\"http:\/\/www.dziennikustaw.gov.pl\/DU\/2012\/1445\" target=\"blank\">http:\/\/www.dziennikustaw.gov.pl\/DU\/2012\/1445<\/a><\/span><\/p>\n<p style=\"text-align: justify;\"><span style=\"font-family: times new roman,times;\">Genezy tego prawa nale\u017cy szuka\u0107 &#8211; jak wielu kontrowersyjnych przepis\u00f3w &#8211; w wytycznych Unii Europejskiej. Warto jednak pami\u0119ta\u0107, \u017ce wiele kraj\u00f3w ju\u017c dawno wprowadzi\u0142o taki obowi\u0105zek (by wymieni\u0107 cho\u0107by Wielk\u0105 Brytani\u0119 i sztandarowy przyk\u0142ad witryny telewizji BBC &#8211; <a href=\"http:\/\/bbc.co.uk\" target=\"blank\">bbc.co.uk<\/a>, z ogromnym komunikatem dotycz\u0105cym cookies na samej g\u00f3rze ekranu.<\/span><\/p>\n<p style=\"text-align: right;\"><span style=\"font-family: times new roman,times;\">admin<\/span><\/p>\n","protected":false},"excerpt":{"rendered":"<p>Podstawa prawna obowi\u0105zku informacyjnego Obowi\u0105zek informowania o stosowaniu plik\u00f3w cookies przez witryny internetowe od dnia 22 marca 2013r. wynika z aktualnej tre\u015bci Ustawy Prawo Telekomunikacyjne. Wprowadzono do niej bowiem nowelizacj\u0119 (w&nbsp;dniu 16.11.2012r.), kt\u00f3ra opr\u00f3cz szeregu mniej lub bardziej istotnych zmian wprowadza najwa\u017cniejszy z naszego punktu widzenia obowi\u0105zek informowania internaut\u00f3w o stosowaniu w danej witrynie plik\u00f3w &hellip; <a href=\"https:\/\/www.rodzorza.legnica.pl\/?page_id=2292\" class=\"more-link\">Czytaj dalej <span class=\"screen-reader-text\">Polityka stosowania plik\u00f3w COOKIES<\/span> <span class=\"meta-nav\">&rarr;<\/span><\/a><\/p>\n","protected":false},"author":2,"featured_media":0,"parent":0,"menu_order":0,"comment_status":"closed","ping_status":"closed","template":"","meta":{"ngg_post_thumbnail":0,"footnotes":""},"class_list":["post-2292","page","type-page","status-publish","hentry"],"_links":{"self":[{"href":"https:\/\/www.rodzorza.legnica.pl\/index.php?rest_route=\/wp\/v2\/pages\/2292","targetHints":{"allow":["GET"]}}],"collection":[{"href":"https:\/\/www.rodzorza.legnica.pl\/index.php?rest_route=\/wp\/v2\/pages"}],"about":[{"href":"https:\/\/www.rodzorza.legnica.pl\/index.php?rest_route=\/wp\/v2\/types\/page"}],"author":[{"embeddable":true,"href":"https:\/\/www.rodzorza.legnica.pl\/index.php?rest_route=\/wp\/v2\/users\/2"}],"replies":[{"embeddable":true,"href":"https:\/\/www.rodzorza.legnica.pl\/index.php?rest_route=%2Fwp%2Fv2%2Fcomments&post=2292"}],"version-history":[{"count":4,"href":"https:\/\/www.rodzorza.legnica.pl\/index.php?rest_route=\/wp\/v2\/pages\/2292\/revisions"}],"predecessor-version":[{"id":4143,"href":"https:\/\/www.rodzorza.legnica.pl\/index.php?rest_route=\/wp\/v2\/pages\/2292\/revisions\/4143"}],"wp:attachment":[{"href":"https:\/\/www.rodzorza.legnica.pl\/index.php?rest_route=%2Fwp%2Fv2%2Fmedia&parent=2292"}],"curies":[{"name":"wp","href":"https:\/\/api.w.org\/{rel}","templated":true}]}}