{"id":3998,"date":"2018-01-09T09:44:13","date_gmt":"2018-01-09T08:44:13","guid":{"rendered":"http:\/\/www.rodzorza.legnica.pl\/?page_id=3998"},"modified":"2026-03-23T14:23:22","modified_gmt":"2026-03-23T13:23:22","slug":"archiwum","status":"publish","type":"page","link":"https:\/\/www.rodzorza.legnica.pl\/?page_id=3998","title":{"rendered":"Archiwum"},"content":{"rendered":"<p><span style=\"font-size: 20px;\"><strong><em><a href=\"https:\/\/www.rodzorza.legnica.pl\/?page_id=6576&amp;preview=true\">Archiwum &#8211; Informacje Zarz\u0105du &#8211; Rok 2025<\/a><\/em><\/strong><\/span><\/p>\n<hr>\n<p><span style=\"font-size: 20px;\"><strong><em><a href=\"https:\/\/www.rodzorza.legnica.pl\/?page_id=6436\">Archiwum &#8211; Informacje Zarz\u0105du &#8211; Rok 2024<\/a><\/em><\/strong><\/span><\/p>\n<hr>\n<p><span style=\"font-size: 20px;\"><strong><em><a href=\"https:\/\/www.rodzorza.legnica.pl\/?page_id=6275\">Archiwum &#8211; Informacje Zarz\u0105du &#8211; Rok 2023<\/a><\/em><\/strong><\/span><\/p>\n<hr>\n<p><span style=\"font-size: 20px;\"><strong><em><a href=\"https:\/\/www.rodzorza.legnica.pl\/?page_id=5961&amp;preview=true\">Archiwum &#8211; Informacje Zarz\u0105du &#8211; Rok 2022<\/a><\/em><\/strong><\/span><\/p>\n<hr>\n<p><strong><em><span style=\"font-size: 20px;\"><a href=\"https:\/\/www.rodzorza.legnica.pl\/?page_id=5693\">Archiwum &#8211; Informacje Zarz\u0105du &#8211; Rok 2021<\/a><\/span><\/em><\/strong><\/p>\n<hr>\n<p><strong><em><span style=\"font-size: 20px;\"><a href=\"https:\/\/www.rodzorza.legnica.pl\/?page_id=5384&amp;preview=true\">Archiwum &#8211; Informacje Zarz\u0105du &#8211; Rok 2020<\/a><\/span><\/em><\/strong><\/p>\n<hr>\n<p><span style=\"color: #008000; font-size: 20px;\"><strong><em><a style=\"color: #008000;\" href=\"https:\/\/www.rodzorza.legnica.pl\/?page_id=5022\">Archiwum &#8211; Informacje Zarz\u0105du &#8211; Rok 2019<\/a><\/em><\/strong><\/span><\/p>\n<hr>\n<p><strong><em><span style=\"font-size: 20px;\"><a href=\"http:\/\/www.rodzorza.legnica.pl\/?page_id=4601\">Archiwum &#8211; Informacje Zarz\u0105du &#8211; Rok 2018<\/a><br \/>\n<\/span><\/em><\/strong><\/p>\n<hr>\n<p><strong><em><span style=\"font-size: 20px;\"><a href=\"http:\/\/www.rodzorza.legnica.pl\/?page_id=4019\">Archiwum &#8211; Informacje Zarz\u0105du &#8211; Rok 2017<\/a><\/span><\/em><\/strong><\/p>\n<hr>\n<p><strong><em><span style=\"font-size: 20px;\"><a href=\"http:\/\/www.rodzorza.legnica.pl\/?page_id=4023\">Archiwum &#8211; Informacje Zarz\u0105du &#8211; Rok 2016<\/a><\/span><\/em><\/strong><\/p>\n<hr>\n<p><strong><em><span style=\"font-size: 20px;\"><a href=\"http:\/\/www.rodzorza.legnica.pl\/?page_id=4026\">Archiwum &#8211; Informacje Zarz\u0105du &#8211; Rok 2015<\/a><\/span><\/em><\/strong><\/p>\n<hr>\n<p><strong><em><span style=\"font-size: 20px;\"><a href=\"http:\/\/www.rodzorza.legnica.pl\/?page_id=4029\"><span style=\"color: #008000;\">Archiwum &#8211; Informacje Zarz\u0105du &#8211; Rok 2014<\/span><\/a><\/span><\/em><\/strong><\/p>\n<p><img loading=\"lazy\" decoding=\"async\" class=\"aligncenter size-full wp-image-887\" src=\"http:\/\/www.rodzorza.legnica.pl\/wp-content\/uploads\/2014\/07\/linia.jpg\" alt=\"\" width=\"388\" height=\"32\" srcset=\"https:\/\/www.rodzorza.legnica.pl\/wp-content\/uploads\/2014\/07\/linia.jpg 388w, https:\/\/www.rodzorza.legnica.pl\/wp-content\/uploads\/2014\/07\/linia-300x24.jpg 300w\" sizes=\"auto, (max-width: 388px) 100vw, 388px\" \/><\/p>\n<p><span style=\"color: #800000; font-size: 20px;\"><em><strong><a style=\"color: #800000;\" href=\"https:\/\/www.rodzorza.legnica.pl\/?page_id=6614\">Archiwum &#8211; Walne Zebrania &#8211; Rok 2025<\/a><\/strong><\/em><\/span><\/p>\n<hr>\n<p><strong><em><span style=\"color: #800000; font-size: 20px;\"><a style=\"color: #800000;\" href=\"https:\/\/www.rodzorza.legnica.pl\/?page_id=6457\">Archiwum &#8211; Walne Zebrania &#8211; Rok 2024<\/a><\/span><\/em><\/strong><\/p>\n<hr>\n<p><span style=\"color: #800000; font-size: 20px;\"><em><strong><a style=\"color: #800000;\" href=\"https:\/\/www.rodzorza.legnica.pl\/?page_id=6300\">Archiwum &#8211; Walne Zebrania &#8211; Rok 2023<\/a><\/strong><\/em><\/span><\/p>\n<hr>\n<p><span style=\"color: #800000;\"><em><strong><span style=\"font-size: 20px;\"><a style=\"color: #800000;\" href=\"https:\/\/www.rodzorza.legnica.pl\/?page_id=6020&amp;preview=true\">Archiwum &#8211; Walne Zebrania &#8211; Rok 2022<\/a><\/span><\/strong><\/em><\/span><\/p>\n<hr>\n<p><span style=\"color: #800000; font-size: 20px;\"><strong><em><a style=\"color: #800000;\" href=\"https:\/\/www.rodzorza.legnica.pl\/?page_id=5749\">Archiwum &#8211; Walne Zebrania &#8211; Rok 2021<\/a><\/em><\/strong><\/span><\/p>\n<hr>\n<p><strong><em><span style=\"color: #800000; font-size: 20px;\"><a style=\"color: #800000;\" href=\"https:\/\/www.rodzorza.legnica.pl\/?page_id=5511\">Archiwum &#8211; Walne Zebrania &#8211; Rok 2020<\/a><\/span><\/em><\/strong><\/p>\n<hr>\n<p><span style=\"font-size: 20px; color: #800000;\"><strong><em><a style=\"color: #800000;\" href=\"https:\/\/www.rodzorza.legnica.pl\/?page_id=5037\">Archiwum &#8211; Walne Zebrania &#8211; Rok 2019<\/a><\/em><\/strong><\/span><\/p>\n<hr>\n<p><em><strong><span style=\"font-size: 20px; color: #800000;\"><a style=\"color: #800000;\" href=\"http:\/\/www.rodzorza.legnica.pl\/?page_id=4700\">Archiwum &#8211; Walne Zebrania &#8211; Rok 2018<\/a><\/span><\/strong><\/em><\/p>\n<hr>\n<p><em><strong><span style=\"color: #800000;\"><a style=\"color: #800000;\" href=\"http:\/\/www.rodzorza.legnica.pl\/?page_id=4036\"><span style=\"font-size: 20px;\">Archiwum &#8211; Walne Zebrania &#8211; Rok 2017<\/span><\/a><\/span><\/strong><\/em><\/p>\n<hr>\n<p><em><strong><span style=\"color: #800000;\"><a style=\"color: #800000;\" href=\"http:\/\/www.rodzorza.legnica.pl\/?page_id=4039\"><span style=\"font-size: 20px;\">Archiwum &#8211; Walne Zebrania &#8211; Rok 2016<\/span><\/a><\/span><\/strong><\/em><\/p>\n<hr>\n<p><em><strong><span style=\"color: #800000;\"><a style=\"color: #800000;\" href=\"http:\/\/www.rodzorza.legnica.pl\/?page_id=4042\"><span style=\"font-size: 20px;\">Archiwum &#8211; Walne Zebrania &#8211; Rok 2015<\/span><\/a><\/span><\/strong><\/em><\/p>\n<hr>\n<p><em><strong><span style=\"color: #800000;\"><a style=\"color: #800000;\" href=\"http:\/\/www.rodzorza.legnica.pl\/?page_id=4045\"><span style=\"font-size: 20px;\">Archiwum &#8211; Walne Zebrania &#8211; Rok 2014<\/span><\/a><\/span><\/strong><\/em><\/p>\n","protected":false},"excerpt":{"rendered":"<p>Archiwum &#8211; Informacje Zarz\u0105du &#8211; Rok 2025 Archiwum &#8211; Informacje Zarz\u0105du &#8211; Rok 2024 Archiwum &#8211; Informacje Zarz\u0105du &#8211; Rok 2023 Archiwum &#8211; Informacje Zarz\u0105du &#8211; Rok 2022 Archiwum &#8211; Informacje Zarz\u0105du &#8211; Rok 2021 Archiwum &#8211; Informacje Zarz\u0105du &#8211; Rok 2020 Archiwum &#8211; Informacje Zarz\u0105du &#8211; Rok 2019 Archiwum &#8211; Informacje Zarz\u0105du &#8211; Rok &hellip; <a href=\"https:\/\/www.rodzorza.legnica.pl\/?page_id=3998\" class=\"more-link\">Czytaj dalej <span class=\"screen-reader-text\">Archiwum<\/span> <span class=\"meta-nav\">&rarr;<\/span><\/a><\/p>\n","protected":false},"author":2,"featured_media":0,"parent":0,"menu_order":0,"comment_status":"closed","ping_status":"closed","template":"","meta":{"ngg_post_thumbnail":0,"footnotes":""},"class_list":["post-3998","page","type-page","status-publish","hentry"],"_links":{"self":[{"href":"https:\/\/www.rodzorza.legnica.pl\/index.php?rest_route=\/wp\/v2\/pages\/3998","targetHints":{"allow":["GET"]}}],"collection":[{"href":"https:\/\/www.rodzorza.legnica.pl\/index.php?rest_route=\/wp\/v2\/pages"}],"about":[{"href":"https:\/\/www.rodzorza.legnica.pl\/index.php?rest_route=\/wp\/v2\/types\/page"}],"author":[{"embeddable":true,"href":"https:\/\/www.rodzorza.legnica.pl\/index.php?rest_route=\/wp\/v2\/users\/2"}],"replies":[{"embeddable":true,"href":"https:\/\/www.rodzorza.legnica.pl\/index.php?rest_route=%2Fwp%2Fv2%2Fcomments&post=3998"}],"version-history":[{"count":44,"href":"https:\/\/www.rodzorza.legnica.pl\/index.php?rest_route=\/wp\/v2\/pages\/3998\/revisions"}],"predecessor-version":[{"id":6617,"href":"https:\/\/www.rodzorza.legnica.pl\/index.php?rest_route=\/wp\/v2\/pages\/3998\/revisions\/6617"}],"wp:attachment":[{"href":"https:\/\/www.rodzorza.legnica.pl\/index.php?rest_route=%2Fwp%2Fv2%2Fmedia&parent=3998"}],"curies":[{"name":"wp","href":"https:\/\/api.w.org\/{rel}","templated":true}]}}