{"id":4011,"date":"2018-01-09T11:15:39","date_gmt":"2018-01-09T10:15:39","guid":{"rendered":"http:\/\/www.rodzorza.legnica.pl\/?page_id=4011"},"modified":"2026-01-25T12:34:39","modified_gmt":"2026-01-25T11:34:39","slug":"informacje-zarzadu-2","status":"publish","type":"page","link":"https:\/\/www.rodzorza.legnica.pl\/?page_id=4011","title":{"rendered":"Informacje Zarz\u0105du"},"content":{"rendered":"\r\n<p><span style=\"font-size: 20px;\"><a href=\"https:\/\/www.rodzorza.legnica.pl\/?page_id=6576&amp;preview=true\"><em>Archiwum \u2013 Informacje Zarz\u0105du \u2013 Rok<\/em><em> 202<\/em><em>5<\/em><\/a><\/span><\/p>\r\n<p><span style=\"font-size: 20px;\"><a href=\"https:\/\/www.rodzorza.legnica.pl\/?page_id=6436&amp;preview=true\"><em>Archiwum &#8211; Informacje Zarz\u0105du &#8211; Rok 2024<\/em><\/a><\/span><\/p>\r\n<p><a href=\"https:\/\/www.rodzorza.legnica.pl\/?page_id=6275\"><span style=\"color: #008000;\"><em><span style=\"font-size: 20px;\"><span style=\"text-decoration: underline;\">Archiwum &#8211; Informacje Zarz\u0105du &#8211; Rok<\/span><\/span><\/em><\/span><\/a><a href=\"https:\/\/www.rodzorza.legnica.pl\/?page_id=6275\"><span style=\"color: #008000;\"><em><span style=\"font-size: 20px;\"><span style=\"text-decoration: underline;\"> 20<\/span><\/span><\/em><\/span><\/a><a href=\"https:\/\/www.rodzorza.legnica.pl\/?page_id=6275\"><span style=\"color: #008000;\"><em><span style=\"font-size: 20px;\"><span style=\"text-decoration: underline;\">23<\/span><\/span><\/em><\/span><\/a><\/p>\r\n<p><a href=\"https:\/\/www.rodzorza.legnica.pl\/?page_id=5961&amp;preview=true\"><span style=\"font-size: 20px;\"><em>Archiwum &#8211; Informacje Zarz\u0105du &#8211; Rok 2022<\/em><\/span><\/a><\/p>\r\n<p><em><span style=\"font-size: 20px;\"><a href=\"https:\/\/www.rodzorza.legnica.pl\/?page_id=5693\">Archiwum &#8211; Informacje Zarz\u0105du &#8211; Rok 2021<\/a><\/span><\/em><\/p>\r\n<p><em><span style=\"font-size: 20px;\"><a href=\"https:\/\/www.rodzorza.legnica.pl\/?page_id=5384&amp;preview=true\">Archiwum &#8211; Informacje Zarz\u0105du &#8211; Rok 2020<\/a><\/span><\/em><\/p>\r\n<p><span style=\"font-size: 20px; color: #008000;\"><em><a style=\"color: #008000;\" href=\"https:\/\/www.rodzorza.legnica.pl\/?page_id=5022\">Archiwum &#8211; Informacje Zarz\u0105du &#8211; Rok 2019<\/a><\/em><\/span><\/p>\r\n<p><span style=\"font-size: 20px;\"><a href=\"http:\/\/www.rodzorza.legnica.pl\/?page_id=4601\"><em>Archiwum &#8211; Informacje Zarz\u0105du &#8211; Rok 2018<\/em><\/a><\/span><\/p>\r\n<p><a href=\"http:\/\/www.rodzorza.legnica.pl\/?page_id=4019\"><em><span style=\"font-size: 20px;\">Archiwum \u2013 Informacje Zarz\u0105du \u2013 Rok 2017<\/span><\/em><\/a><\/p>\r\n<p><em><a href=\"http:\/\/www.rodzorza.legnica.pl\/?page_id=4023\"><span style=\"font-size: 20px;\">Archiwum \u2013 Informacje Zarz\u0105du \u2013 Rok 2016<\/span><\/a><\/em><\/p>\r\n<p><em><a href=\"http:\/\/www.rodzorza.legnica.pl\/?page_id=4026\"><span style=\"font-size: 20px;\">Archiwum \u2013 Informacje Zarz\u0105du \u2013 Rok 2015<\/span><\/a><\/em><\/p>\r\n<p><span style=\"font-size: 20px;\"><a href=\"http:\/\/www.rodzorza.legnica.pl\/?page_id=4029\"><em>Archiwum \u2013 Informacje Zarz\u0105du \u2013 Rok 2014<\/em><\/a><\/span><\/p>","protected":false},"excerpt":{"rendered":"<p>Archiwum \u2013 Informacje Zarz\u0105du \u2013 Rok 2025 Archiwum &#8211; Informacje Zarz\u0105du &#8211; Rok 2024 Archiwum &#8211; Informacje Zarz\u0105du &#8211; Rok 2023 Archiwum &#8211; Informacje Zarz\u0105du &#8211; Rok 2022 Archiwum &#8211; Informacje Zarz\u0105du &#8211; Rok 2021 Archiwum &#8211; Informacje Zarz\u0105du &#8211; Rok 2020 Archiwum &#8211; Informacje Zarz\u0105du &#8211; Rok 2019 Archiwum &#8211; Informacje Zarz\u0105du &#8211; Rok &hellip; <a href=\"https:\/\/www.rodzorza.legnica.pl\/?page_id=4011\" class=\"more-link\">Czytaj dalej <span class=\"screen-reader-text\">Informacje Zarz\u0105du<\/span> <span class=\"meta-nav\">&rarr;<\/span><\/a><\/p>\n","protected":false},"author":2,"featured_media":0,"parent":0,"menu_order":0,"comment_status":"closed","ping_status":"closed","template":"","meta":{"ngg_post_thumbnail":0,"footnotes":""},"class_list":["post-4011","page","type-page","status-publish","hentry"],"_links":{"self":[{"href":"https:\/\/www.rodzorza.legnica.pl\/index.php?rest_route=\/wp\/v2\/pages\/4011","targetHints":{"allow":["GET"]}}],"collection":[{"href":"https:\/\/www.rodzorza.legnica.pl\/index.php?rest_route=\/wp\/v2\/pages"}],"about":[{"href":"https:\/\/www.rodzorza.legnica.pl\/index.php?rest_route=\/wp\/v2\/types\/page"}],"author":[{"embeddable":true,"href":"https:\/\/www.rodzorza.legnica.pl\/index.php?rest_route=\/wp\/v2\/users\/2"}],"replies":[{"embeddable":true,"href":"https:\/\/www.rodzorza.legnica.pl\/index.php?rest_route=%2Fwp%2Fv2%2Fcomments&post=4011"}],"version-history":[{"count":27,"href":"https:\/\/www.rodzorza.legnica.pl\/index.php?rest_route=\/wp\/v2\/pages\/4011\/revisions"}],"predecessor-version":[{"id":6583,"href":"https:\/\/www.rodzorza.legnica.pl\/index.php?rest_route=\/wp\/v2\/pages\/4011\/revisions\/6583"}],"wp:attachment":[{"href":"https:\/\/www.rodzorza.legnica.pl\/index.php?rest_route=%2Fwp%2Fv2%2Fmedia&parent=4011"}],"curies":[{"name":"wp","href":"https:\/\/api.w.org\/{rel}","templated":true}]}}