{"id":4042,"date":"2018-01-09T11:30:46","date_gmt":"2018-01-09T10:30:46","guid":{"rendered":"http:\/\/www.rodzorza.legnica.pl\/?page_id=4042"},"modified":"2018-01-15T11:48:12","modified_gmt":"2018-01-15T10:48:12","slug":"rok-2015-wz","status":"publish","type":"page","link":"https:\/\/www.rodzorza.legnica.pl\/?page_id=4042","title":{"rendered":"Rok 2015\/WZ"},"content":{"rendered":"<p style=\"text-align: justify;\"><strong>W dniu 18.04.2015r.<\/strong> o godz.10<sup>30<\/sup> w&nbsp;Domu Kultury \u201eATRIUM\u201d w&nbsp;Legnicy odby\u0142o si\u0119 Walne Zebranie \u2013 sprawozdawczo-wyborcze.<\/p>\n<p style=\"text-align: justify;\">Na&nbsp;tym zebraniu podj\u0119to nast\u0119puj\u0105ce uchwa\u0142y Walnego Zgromadzenia:<\/p>\n<ul>\n<li style=\"text-align: justify;\">zatwierdzenia sprawozdania z dzia\u0142alno\u015bci Zarz\u0105du ROD w&nbsp;2014r. oraz sprawozdania za kadencj\u0119,<\/li>\n<li style=\"text-align: justify;\">zatwierdzenia sprawozdania finansowego Zarz\u0105du ROD za okres od 19.01.2014r. do 31.12.2014r.<\/li>\n<li style=\"text-align: justify;\">udzielenia absolutorium dla ust\u0119puj\u0105cego Zarz\u0105du ROD,<\/li>\n<li style=\"text-align: justify;\">zatwierdzenia sprawozdania z dzia\u0142alno\u015bci Komisji Rewizyjnej ROD w 2014r.,<\/li>\n<li style=\"text-align: justify;\">ustalenia liczby cz\u0142onk\u00f3w zarz\u0105du ROD i komisji rewizyjnej ROD,<\/li>\n<li style=\"text-align: justify;\">wynik\u00f3w wybor\u00f3w do organ\u00f3w PZD w ROD \u201cZorza\u201d oraz Delegat\u00f3w na Okr\u0119gowy Zjazd Delegat\u00f3w PZD,<\/li>\n<li style=\"text-align: justify;\">planu pracy na 2015 rok oraz programu dzia\u0142ania na okres kadencji 2015 \u2013 2019,<\/li>\n<li style=\"text-align: justify;\">wysoko\u015bci op\u0142aty ogrodowej i terminu jej wnoszenia,<\/li>\n<li style=\"text-align: justify;\">wysoko\u015bci i terminu wnoszenia op\u0142at za u\u017cytkowanie sieci energetycznej,<\/li>\n<li style=\"text-align: justify;\">op\u0142aty rocznej dla u\u017cytkownik\u00f3w parkingu przy al. Je\u017cynowej,<\/li>\n<li style=\"text-align: justify;\">preliminarzy finansowych na 2015 rok,<\/li>\n<li style=\"text-align: justify;\">realizacji zadania inwestycyjnego.<\/li>\n<\/ul>\n<p style=\"text-align: justify;\"><a href=\"http:\/\/www.rodzorza.legnica.pl\/wp-content\/uploads\/2014\/07\/linia.jpg\"><img loading=\"lazy\" decoding=\"async\" class=\"aligncenter size-full wp-image-887\" src=\"http:\/\/www.rodzorza.legnica.pl\/wp-content\/uploads\/2014\/07\/linia.jpg\" alt=\"linia\" width=\"388\" height=\"32\" srcset=\"https:\/\/www.rodzorza.legnica.pl\/wp-content\/uploads\/2014\/07\/linia.jpg 388w, https:\/\/www.rodzorza.legnica.pl\/wp-content\/uploads\/2014\/07\/linia-300x24.jpg 300w\" sizes=\"auto, (max-width: 388px) 100vw, 388px\" \/><\/a><span style=\"color: #ff0000;\"><strong>Podj\u0119te uchwa\u0142y obowi\u0105zuj\u0105 wszystkich dzia\u0142kowc\u00f3w bez wzgl\u0119du na&nbsp;to, czy by\u0142 obecny na&nbsp;Walnym Zebraniu, czy te\u017c nie by\u0142.<\/strong><\/span><\/p>\n<p><img loading=\"lazy\" decoding=\"async\" class=\"aligncenter size-full wp-image-887\" src=\"http:\/\/www.rodzorza.legnica.pl\/wp-content\/uploads\/2014\/07\/linia.jpg\" alt=\"linia\" width=\"388\" height=\"32\" srcset=\"https:\/\/www.rodzorza.legnica.pl\/wp-content\/uploads\/2014\/07\/linia.jpg 388w, https:\/\/www.rodzorza.legnica.pl\/wp-content\/uploads\/2014\/07\/linia-300x24.jpg 300w\" sizes=\"auto, (max-width: 388px) 100vw, 388px\" \/><\/p>\n<p><img loading=\"lazy\" decoding=\"async\" class=\"alignleft size-full wp-image-2538\" src=\"http:\/\/www.rodzorza.legnica.pl\/wp-content\/uploads\/2014\/06\/Walne2015.jpg\" alt=\"Walne2015\" width=\"2549\" height=\"5465\" srcset=\"https:\/\/www.rodzorza.legnica.pl\/wp-content\/uploads\/2014\/06\/Walne2015.jpg 2549w, https:\/\/www.rodzorza.legnica.pl\/wp-content\/uploads\/2014\/06\/Walne2015-477x1024.jpg 477w\" sizes=\"auto, (max-width: 2549px) 100vw, 2549px\" \/><\/p>\n","protected":false},"excerpt":{"rendered":"<p>W dniu 18.04.2015r. o godz.1030 w&nbsp;Domu Kultury \u201eATRIUM\u201d w&nbsp;Legnicy odby\u0142o si\u0119 Walne Zebranie \u2013 sprawozdawczo-wyborcze. Na&nbsp;tym zebraniu podj\u0119to nast\u0119puj\u0105ce uchwa\u0142y Walnego Zgromadzenia: zatwierdzenia sprawozdania z dzia\u0142alno\u015bci Zarz\u0105du ROD w&nbsp;2014r. oraz sprawozdania za kadencj\u0119, zatwierdzenia sprawozdania finansowego Zarz\u0105du ROD za okres od 19.01.2014r. do 31.12.2014r. udzielenia absolutorium dla ust\u0119puj\u0105cego Zarz\u0105du ROD, zatwierdzenia sprawozdania z dzia\u0142alno\u015bci Komisji &hellip; <a href=\"https:\/\/www.rodzorza.legnica.pl\/?page_id=4042\" class=\"more-link\">Czytaj dalej <span class=\"screen-reader-text\">Rok 2015\/WZ<\/span> <span class=\"meta-nav\">&rarr;<\/span><\/a><\/p>\n","protected":false},"author":2,"featured_media":0,"parent":0,"menu_order":0,"comment_status":"closed","ping_status":"closed","template":"","meta":{"ngg_post_thumbnail":0,"footnotes":""},"class_list":["post-4042","page","type-page","status-publish","hentry"],"_links":{"self":[{"href":"https:\/\/www.rodzorza.legnica.pl\/index.php?rest_route=\/wp\/v2\/pages\/4042","targetHints":{"allow":["GET"]}}],"collection":[{"href":"https:\/\/www.rodzorza.legnica.pl\/index.php?rest_route=\/wp\/v2\/pages"}],"about":[{"href":"https:\/\/www.rodzorza.legnica.pl\/index.php?rest_route=\/wp\/v2\/types\/page"}],"author":[{"embeddable":true,"href":"https:\/\/www.rodzorza.legnica.pl\/index.php?rest_route=\/wp\/v2\/users\/2"}],"replies":[{"embeddable":true,"href":"https:\/\/www.rodzorza.legnica.pl\/index.php?rest_route=%2Fwp%2Fv2%2Fcomments&post=4042"}],"version-history":[{"count":6,"href":"https:\/\/www.rodzorza.legnica.pl\/index.php?rest_route=\/wp\/v2\/pages\/4042\/revisions"}],"predecessor-version":[{"id":4183,"href":"https:\/\/www.rodzorza.legnica.pl\/index.php?rest_route=\/wp\/v2\/pages\/4042\/revisions\/4183"}],"wp:attachment":[{"href":"https:\/\/www.rodzorza.legnica.pl\/index.php?rest_route=%2Fwp%2Fv2%2Fmedia&parent=4042"}],"curies":[{"name":"wp","href":"https:\/\/api.w.org\/{rel}","templated":true}]}}