{"id":4045,"date":"2018-01-09T11:31:21","date_gmt":"2018-01-09T10:31:21","guid":{"rendered":"http:\/\/www.rodzorza.legnica.pl\/?page_id=4045"},"modified":"2018-01-15T11:49:24","modified_gmt":"2018-01-15T10:49:24","slug":"rok-2014-wz","status":"publish","type":"page","link":"https:\/\/www.rodzorza.legnica.pl\/?page_id=4045","title":{"rendered":"Rok 2014\/WZ"},"content":{"rendered":"<p style=\"text-align: center;\"><strong><span style=\"color: #008000;\">Ze wzgl\u0119du na ustawowy wym\u00f3g &#8211; w roku 2014 odby\u0142y si\u0119 dwa Walne Zebrania<\/span><\/strong><\/p>\n<hr>\n<ul>\n<li><strong>w dniu 24.04.2014r.<\/strong> w Domu Kultury &#8222;ATRIUM&#8221; w Legnicy odby\u0142o si\u0119 Walne Zebranie &#8211; sprawozdawcze.<\/li>\n<\/ul>\n<p style=\"text-align: justify;\">Na tym zebraniu podj\u0119to nast\u0119puj\u0105ce uchwa\u0142y Walnego Zgromadzenia:<\/p>\n<ol>\n<li style=\"text-align: justify;\">Nr 1\/2014 w sprawie zatwierdzenia sprawozdania z dzia\u0142alno\u015bci Zarz\u0105du ROD w 2013r.<\/li>\n<li style=\"text-align: justify;\">Nr 2\/2014 w sprawie zatwierdzenia sprawozdania finansowego Zarz\u0105du ROD za 2013r.<\/li>\n<li style=\"text-align: justify;\">Nr 3\/2014 w sprawie zatwierdzenia sprawozdania finansowego Zarz\u0105du ROD za okres od 01.01. do 18.01.2014r.<\/li>\n<li style=\"text-align: justify;\">Nr 4\/2014 w sprawie zatwierdzenia sprawozdania z dzia\u0142alno\u015bci Komisji Rewizyjnej ROD w 2013r.<\/li>\n<li style=\"text-align: justify;\">Nr 5\/2014 w sprawie zatwierdzenia sprawozdania z dzia\u0142alno\u015bci Komisji Rozjemczej ROD w 2013r.<\/li>\n<li style=\"text-align: justify;\">Nr 6\/2014 w sprawie planu pracy na 2014r.<\/li>\n<li style=\"text-align: justify;\">Nr 7\/2014 w sprawie preliminarzy finansowych na 2014r.<\/li>\n<li style=\"text-align: justify;\">Nr 8\/2014 w sprawie op\u0142aty na rzecz ogrodu.<\/li>\n<li style=\"text-align: justify;\">Nr 9\/2014 w sprawie wysoko\u015bci i terminu wnoszenia wp\u0142aty za energi\u0119 elektryczn\u0105 w 2014r.<\/li>\n<li style=\"text-align: justify;\">Nr 10\/2014 w sprawie wysoko\u015bci op\u0142aty energetycznej w 2014r.<\/li>\n<li style=\"text-align: justify;\">Nr 11\/2014 w sprawie wysoko\u015bci op\u0142aty za korzystanie z wody ogrodu przez poszczeg\u00f3lnych dzia\u0142kowc\u00f3w.<\/li>\n<li style=\"text-align: justify;\">Nr 12\/2014 w sprawie ilo\u015bci godzin pracy na rzecz ogrodu \u015bwiadczonej przez dzia\u0142kowca i ekwiwalentu za niewykonane prace w&nbsp;2014r.<\/li>\n<li style=\"text-align: justify;\">Nr 13\/2014 w sprawie planu zagospodarowania ROD.<\/li>\n<li style=\"text-align: justify;\">Nr 14\/2014 w sprawie op\u0142aty rocznej dla u\u017cytkownik\u00f3w parkingu przy al.Je\u017cynowej.<\/li>\n<\/ol>\n<ul>\n<li style=\"text-align: justify;\"><strong>w dniu 28.06.2014r.<\/strong> w Hotelu QUBUS przy ul. Skarbowej 2 w Legnicy odby\u0142o si\u0119 drugie Walne Zebranie w sprawie wyboru stowarzyszenia ogrodowego. Frekwencja na Walnym Zebraniu zar\u00f3wno w 1-szym terminie jak i w 2-gim terminie by\u0142a bardzo niska (103 dzia\u0142kowc\u00f3w) dlatego te\u017c ogr\u00f3d nale\u017cy do og\u00f3lnokrajowego stowarzyszenia PZD. Niska frekwencja uniemo\u017cliwi\u0142a podj\u0119cie innej uchwa\u0142y.<\/li>\n<\/ul>\n<p style=\"text-align: justify;\"><a href=\"http:\/\/www.rodzorza.legnica.pl\/wp-content\/uploads\/2014\/07\/linia.jpg\"><img loading=\"lazy\" decoding=\"async\" class=\"aligncenter size-full wp-image-887\" src=\"http:\/\/www.rodzorza.legnica.pl\/wp-content\/uploads\/2014\/07\/linia.jpg\" alt=\"linia\" width=\"388\" height=\"32\" srcset=\"https:\/\/www.rodzorza.legnica.pl\/wp-content\/uploads\/2014\/07\/linia.jpg 388w, https:\/\/www.rodzorza.legnica.pl\/wp-content\/uploads\/2014\/07\/linia-300x24.jpg 300w\" sizes=\"auto, (max-width: 388px) 100vw, 388px\" \/><\/a><span style=\"color: #ff0000;\"><strong>Podj\u0119te uchwa\u0142y obowi\u0105zuj\u0105 wszystkich dzia\u0142kowc\u00f3w bez wzgl\u0119du na to, czy by\u0142 obecny na Walnym Zebraniu, czy te\u017c nie by\u0142.<\/strong><\/span><\/p>\n","protected":false},"excerpt":{"rendered":"<p>Ze wzgl\u0119du na ustawowy wym\u00f3g &#8211; w roku 2014 odby\u0142y si\u0119 dwa Walne Zebrania w dniu 24.04.2014r. w Domu Kultury &#8222;ATRIUM&#8221; w Legnicy odby\u0142o si\u0119 Walne Zebranie &#8211; sprawozdawcze. Na tym zebraniu podj\u0119to nast\u0119puj\u0105ce uchwa\u0142y Walnego Zgromadzenia: Nr 1\/2014 w sprawie zatwierdzenia sprawozdania z dzia\u0142alno\u015bci Zarz\u0105du ROD w 2013r. Nr 2\/2014 w sprawie zatwierdzenia sprawozdania &hellip; <a href=\"https:\/\/www.rodzorza.legnica.pl\/?page_id=4045\" class=\"more-link\">Czytaj dalej <span class=\"screen-reader-text\">Rok 2014\/WZ<\/span> <span class=\"meta-nav\">&rarr;<\/span><\/a><\/p>\n","protected":false},"author":2,"featured_media":0,"parent":0,"menu_order":0,"comment_status":"closed","ping_status":"closed","template":"","meta":{"ngg_post_thumbnail":0,"footnotes":""},"class_list":["post-4045","page","type-page","status-publish","hentry"],"_links":{"self":[{"href":"https:\/\/www.rodzorza.legnica.pl\/index.php?rest_route=\/wp\/v2\/pages\/4045","targetHints":{"allow":["GET"]}}],"collection":[{"href":"https:\/\/www.rodzorza.legnica.pl\/index.php?rest_route=\/wp\/v2\/pages"}],"about":[{"href":"https:\/\/www.rodzorza.legnica.pl\/index.php?rest_route=\/wp\/v2\/types\/page"}],"author":[{"embeddable":true,"href":"https:\/\/www.rodzorza.legnica.pl\/index.php?rest_route=\/wp\/v2\/users\/2"}],"replies":[{"embeddable":true,"href":"https:\/\/www.rodzorza.legnica.pl\/index.php?rest_route=%2Fwp%2Fv2%2Fcomments&post=4045"}],"version-history":[{"count":4,"href":"https:\/\/www.rodzorza.legnica.pl\/index.php?rest_route=\/wp\/v2\/pages\/4045\/revisions"}],"predecessor-version":[{"id":4184,"href":"https:\/\/www.rodzorza.legnica.pl\/index.php?rest_route=\/wp\/v2\/pages\/4045\/revisions\/4184"}],"wp:attachment":[{"href":"https:\/\/www.rodzorza.legnica.pl\/index.php?rest_route=%2Fwp%2Fv2%2Fmedia&parent=4045"}],"curies":[{"name":"wp","href":"https:\/\/api.w.org\/{rel}","templated":true}]}}