{"id":4066,"date":"2018-01-09T13:40:19","date_gmt":"2018-01-09T12:40:19","guid":{"rendered":"http:\/\/www.rodzorza.legnica.pl\/?page_id=4066"},"modified":"2026-03-22T08:03:52","modified_gmt":"2026-03-22T07:03:52","slug":"dzialki-do-sprzedazy","status":"publish","type":"page","link":"https:\/\/www.rodzorza.legnica.pl\/?page_id=4066","title":{"rendered":"Dzia\u0142ki na sprzeda\u017c"},"content":{"rendered":"<p style=\"text-align: center;\"><span style=\"color: #ff6600; font-size: 20px;\"><strong>Uwaga dotycz\u0105ca kupuj\u0105cego dzia\u0142k\u0119:<\/strong><\/span><\/p>\n<p style=\"text-align: justify;\">&nbsp;&nbsp;&nbsp;&nbsp; Opr\u00f3cz kwoty wynegocjowanej ze&nbsp;sprzedaj\u0105cym dzia\u0142k\u0119 oraz&nbsp;kwoty oko\u0142o 25z\u0142 za&nbsp;jeden podpis (koszt notariusza) wynikaj\u0105cej z&nbsp;podpisania <span style=\"color: #008000;\">\u201e<strong>Umowy przeniesienia praw do&nbsp;dzia\u0142ki<\/strong>\u201d<\/span>, kt\u00f3rej&nbsp;to podpisanie trzeba potwierdzi\u0107 u&nbsp;notariusza, <span style=\"color: #008000;\"><strong><u>kupuj\u0105cy ponosi r\u00f3wnie\u017c dodatkowe koszty statutowe z&nbsp;tabelki poni\u017cej:<\/u><\/strong><\/span><\/p>\n<table>\n<tbody>\n<tr>\n<td><span style=\"font-size: 20px;\"><strong><span style=\"color: #0000ff;\">podwy\u017cszona op\u0142ata ogrodowa<\/span><\/strong><\/span><\/td>\n<td style=\"text-align: center;\"><span style=\"font-size: 20px;\"><strong><span style=\"color: #0000ff;\">&#8211;<\/span><\/strong><\/span><\/td>\n<td style=\"text-align: right;\"><span style=\"font-size: 20px;\"><strong><span style=\"color: #0000ff;\">530z\u0142<\/span><\/strong><\/span><\/td>\n<\/tr>\n<tr>\n<td><span style=\"font-size: 20px;\"><strong><span style=\"color: #0000ff;\">op\u0142ata wpisowa<\/span><\/strong><\/span><\/td>\n<td style=\"text-align: center;\"><span style=\"font-size: 20px;\"><strong><span style=\"color: #0000ff;\">&#8211;<\/span><\/strong><\/span><\/td>\n<td style=\"text-align: right;\"><span style=\"font-size: 20px;\"><strong><span style=\"color: #0000ff;\">400z\u0142<\/span><\/strong><\/span><\/td>\n<\/tr>\n<tr>\n<td><span style=\"font-size: 20px;\"><strong><span style=\"color: #0000ff;\">sk\u0142adka cz\u0142onkowska<\/span><\/strong><\/span><\/td>\n<td style=\"text-align: center;\"><span style=\"font-size: 20px;\"><strong><span style=\"color: #0000ff;\">&#8211;<\/span><\/strong><\/span><\/td>\n<td style=\"text-align: right;\"><span style=\"font-size: 20px;\"><strong><span style=\"color: #0000ff;\">10z\u0142<\/span><\/strong><\/span><\/td>\n<\/tr>\n<\/tbody>\n<\/table>\n<table style=\"height: 188px; width: 99.6346%;\">\n<tbody>\n<tr style=\"height: 36px;\">\n<td style=\"text-align: center; width: 114.77%; height: 36px;\" colspan=\"5\"><span style=\"font-size: 28px; color: #ff0000;\">Sektor A<\/span><\/td>\n<\/tr>\n<tr style=\"height: 36px;\">\n<td style=\"text-align: center; width: 12.5908%; height: 36px;\"><strong><span style=\"color: #0000ff;\">Nr dzia\u0142ki<\/span><\/strong><\/td>\n<td style=\"text-align: center; width: 13.7107%; height: 36px;\"><strong><span style=\"color: #0000ff;\">Pow. dzia\u0142ki<\/span><\/strong><\/td>\n<td style=\"text-align: center; width: 34.4432%; height: 36px;\"><strong><span style=\"color: #0000ff;\">Wyposa\u017cenie<\/span><\/strong><\/td>\n<td style=\"text-align: center; width: 21.247%; height: 36px;\"><strong><span style=\"color: #0000ff;\">Kontakt<\/span><\/strong><\/td>\n<td style=\"text-align: center; width: 32.7784%; height: 36px;\"><strong><span style=\"color: #0000ff;\">Cena<\/span><\/strong><\/td>\n<\/tr>\n<tr>\n<td style=\"width: 12.5908%; vertical-align: middle; text-align: center;\">35<\/td>\n<td style=\"width: 13.7107%; vertical-align: middle; text-align: center;\">400m<sup>2<\/sup><\/td>\n<td style=\"width: 34.4432%; text-align: center; vertical-align: middle;\">Energia, woda<\/td>\n<td style=\"width: 21.247%; text-align: center; vertical-align: middle;\">\n<p style=\"text-align: center;\">695&nbsp;875&nbsp;689<\/p>\n<\/td>\n<td style=\"width: 32.7784%; vertical-align: middle; text-align: center;\">12.000,- z\u0142 do negocjacji<\/td>\n<\/tr>\n<tr style=\"height: 106px;\">\n<td style=\"width: 12.5908%; height: 106px; text-align: center; vertical-align: middle;\">151<\/td>\n<td style=\"width: 13.7107%; height: 106px; text-align: center; vertical-align: middle;\">&nbsp;452m<sup>2<\/sup><\/td>\n<td style=\"width: 34.4432%; text-align: center; height: 106px;\">Drewniany domek narz\u0119dziowy,<br \/>\nma\u0142a architektura ogrodowa drewniana, liczne nasadzenia; drzewa i krzewy<\/td>\n<td style=\"width: 21.247%; height: 106px; vertical-align: middle;\">\n<p style=\"text-align: center;\">693 299 860<\/p>\n<p>694 915 980<\/td>\n<td style=\"width: 32.7784%; height: 106px; text-align: center; vertical-align: middle;\">do uzgodnienia<\/td>\n<\/tr>\n<tr>\n<td style=\"width: 12.5908%; text-align: center; vertical-align: middle;\">219<\/td>\n<td style=\"width: 13.7107%; text-align: center; vertical-align: middle;\">412m<sup>2<\/sup><\/td>\n<td style=\"width: 34.4432%; text-align: center;\">Altana murowana z tarasem, z osobnym pomieszczeniem WC i miejscem na narz\u0119dzia, dost\u0119p do wody plus zabudowana studnia, nie ma energii, ale po remoncie altana jest wyposa\u017cona energetycznie (rozprowadzona sie\u0107,&nbsp; wy\u0142\u0105czniki, kinkiety). Pozostaje wi\u0119c pod\u0142\u0105czenie do skrzynki energetycznej, kt\u00f3ra znajduje si\u0119 na alei. Na dzia\u0142ce wiele krzew\u00f3w i drzew ozdobnych, wiele ro\u015blin wieloletnich oraz drzew i krzew\u00f3w owocowych. Dzia\u0142ka op\u0142acona do po\u0142owy 2025r.&nbsp;<\/td>\n<td style=\"width: 21.247%; vertical-align: middle;\">\n<p style=\"text-align: center;\">696 984 660<\/p>\n<\/td>\n<td style=\"width: 32.7784%; text-align: center; vertical-align: middle;\">do uzgodnienia<\/td>\n<\/tr>\n<tr>\n<td style=\"width: 12.5908%; text-align: center; vertical-align: middle;\">284<\/td>\n<td style=\"width: 13.7107%; text-align: center; vertical-align: middle;\">390m<sup>2<\/sup><\/td>\n<td style=\"width: 34.4432%; text-align: center;\">\n<div class=\"x_elementToProof\" data-olk-copy-source=\"MessageBody\">Altanka &#8211; beczka, drzewa owocowe, krzewy owocowe, kwiaty<\/div>\n<\/td>\n<td style=\"width: 21.247%; vertical-align: middle;\">\n<p style=\"text-align: center;\"><span data-olk-copy-source=\"MessageBody\">605 067 904<\/span><\/p>\n<\/td>\n<td style=\"width: 32.7784%; text-align: center; vertical-align: middle;\">do uzgodnienia<\/td>\n<\/tr>\n<\/tbody>\n<\/table>\n<table style=\"height: 1386px; width: 100%;\">\n<tbody>\n<tr style=\"height: 36px;\">\n<td style=\"text-align: center; height: 36px; width: 99.789%;\" colspan=\"5\"><span style=\"font-size: 28px; color: #ff0000;\">Sektor B<\/span><\/td>\n<\/tr>\n<tr style=\"height: 36px;\">\n<td style=\"text-align: center; height: 10px; width: 12.6582%;\"><span style=\"color: #0000ff;\"><strong>Nr dzia\u0142ki<\/strong><\/span><\/td>\n<td style=\"text-align: center; height: 10px; width: 12.8692%;\"><span style=\"color: #0000ff;\"><strong>Pow.<br \/>\n<\/strong><\/span><span style=\"color: #0000ff;\"><strong>dzia\u0142ki<\/strong><\/span><\/td>\n<td style=\"text-align: center; height: 10px; width: 35.0211%;\"><span style=\"color: #0000ff;\"><strong>Wyposa\u017cenie<\/strong><\/span><\/td>\n<td style=\"text-align: center; height: 10px; width: 20.0422%;\"><span style=\"color: #0000ff;\"><strong>Kontakt<\/strong><\/span><\/td>\n<td style=\"text-align: center; height: 10px; width: 19.1983%;\"><span style=\"color: #0000ff;\"><strong>Cena<\/strong><\/span><\/td>\n<\/tr>\n<tr style=\"height: 54px;\">\n<td style=\"width: 12.6582%; vertical-align: middle; text-align: center; height: 54px;\">24<\/td>\n<td style=\"text-align: center; width: 12.8692%; vertical-align: middle; height: 54px;\"><span style=\"color: #000000;\">400m<sup>2<\/sup><\/span><\/td>\n<td style=\"width: 35.0211%; text-align: center; vertical-align: middle; height: 54px;\">Altanka, drzewa owocowe, energia elektryczna, woda<\/td>\n<td style=\"width: 20.0422%; text-align: center; vertical-align: middle; height: 54px;\">530 528 281<\/td>\n<td style=\"text-align: center; width: 19.1983%; vertical-align: middle; height: 54px;\">do uzgodnienia<\/td>\n<\/tr>\n<tr style=\"height: 26px;\">\n<td style=\"width: 12.6582%; vertical-align: middle; text-align: center; height: 26px;\">66<\/td>\n<td style=\"text-align: center; width: 12.8692%; vertical-align: middle; height: 26px;\"><span style=\"color: #000000;\">400m<sup>2<\/sup><\/span><\/td>\n<td style=\"width: 35.0211%; text-align: center; vertical-align: middle; height: 26px;\">Buda na narz\u0119dzia, kompostownik, drzewa owocowe<\/td>\n<td style=\"width: 20.0422%; height: 26px; text-align: center; vertical-align: middle;\">784 486&nbsp;856<br \/>\n576 246 100<\/td>\n<td style=\"text-align: center; width: 19.1983%; vertical-align: middle; height: 26px;\">do uzgodnienia<\/td>\n<\/tr>\n<tr>\n<td style=\"width: 12.6582%; vertical-align: middle; text-align: center;\">79<\/td>\n<td style=\"text-align: center; width: 12.8692%; vertical-align: middle;\"><span style=\"color: #000000;\">400m<sup>2<\/sup><\/span><\/td>\n<td style=\"width: 35.0211%; text-align: center; vertical-align: middle;\">Altanka murowana podpiwniczona, woda, pr\u0105d, drzewa i krzewy<\/td>\n<td style=\"width: 20.0422%; text-align: center; vertical-align: middle;\">515 486 496<\/td>\n<td style=\"text-align: center; width: 19.1983%; vertical-align: middle;\">do uzgodnienia<\/td>\n<\/tr>\n<tr style=\"height: 360px;\">\n<td style=\"width: 12.6582%; vertical-align: middle; text-align: center; height: 360px;\">107<\/td>\n<td style=\"text-align: center; width: 12.8692%; vertical-align: middle; height: 360px;\"><span style=\"color: #000000;\">839m<sup>2<\/sup><\/span><\/td>\n<td style=\"width: 35.0211%; text-align: center; vertical-align: middle; height: 360px;\">\n<div class=\"x_elementToProof\" style=\"text-align: justify;\" data-olk-copy-source=\"MessageBody\">Na dzia\u0142ce jest altana murowana z WC, woda, maszynka kuchenna na gaz, podgrzewacz wody,&nbsp; pomieszczenia na narz\u0119dzia i piwnica, &nbsp;altana letnia z grylow\u0119dzarni\u0105,&nbsp;staw z liliami wodnymi&nbsp; i rybami, drzewa owocowe i krzewy, szklarnia z doprowadzon\u0105 wod\u0105, du\u017co kwiat\u00f3w, du\u017co narz\u0119dzi ogrodniczych (kosiarka, wertykulator, aerator, pi\u0142y \u0142a\u0144cuchowe, pi\u0142a&nbsp; szablasta oraz narz\u0119dzia stolarskie)<\/div>\n<\/td>\n<td style=\"width: 20.0422%; text-align: center; vertical-align: middle; height: 360px;\"><span data-olk-copy-source=\"MessageBody\">695 987 770<\/span><\/td>\n<td style=\"text-align: center; width: 19.1983%; vertical-align: middle; height: 360px;\">55.000,- z\u0142 do negocjacji<\/td>\n<\/tr>\n<tr style=\"height: 72px;\">\n<td style=\"width: 12.6582%; vertical-align: middle; text-align: center; height: 72px;\">132<\/td>\n<td style=\"text-align: center; width: 12.8692%; vertical-align: middle; height: 72px;\"><span style=\"color: #000000;\">400m<sup>2<\/sup><\/span><\/td>\n<td style=\"width: 35.0211%; text-align: center; vertical-align: middle; height: 72px;\">Murowana altana z piwnic\u0105 i kom\u00f3rk\u0105, pr\u0105d, woda, nasadzenia (drzewa, krzewy)<\/td>\n<td style=\"width: 20.0422%; text-align: center; vertical-align: middle; height: 72px;\">511 577 679<\/td>\n<td style=\"text-align: center; width: 19.1983%; vertical-align: middle; height: 72px;\">do uzgodnienia<\/td>\n<\/tr>\n<tr style=\"height: 54px;\">\n<td style=\"width: 12.6582%; height: 54px; vertical-align: middle; text-align: center;\">181<\/td>\n<td style=\"text-align: center; width: 12.8692%; height: 54px; vertical-align: middle;\"><span style=\"color: #000000;\">&nbsp;400m<sup>2<\/sup><\/span><\/td>\n<td style=\"width: 35.0211%; text-align: center; height: 54px; vertical-align: middle;\">Murowana altana, drzewa i krzewy r\u00f3\u017cne, energia elektryczna<\/td>\n<td style=\"width: 20.0422%; height: 54px; vertical-align: middle;\">660&nbsp;437&nbsp;854<\/td>\n<td style=\"text-align: center; width: 19.1983%; height: 54px; vertical-align: middle;\">30.000,- z\u0142 do negocjacji<\/td>\n<\/tr>\n<tr style=\"height: 36px;\">\n<td style=\"width: 12.6582%; vertical-align: middle; text-align: center; height: 36px;\">281<\/td>\n<td style=\"text-align: center; width: 12.8692%; vertical-align: middle; height: 36px;\"><span style=\"color: #000000;\">400m<sup>2<\/sup><\/span><\/td>\n<td style=\"width: 35.0211%; text-align: center; vertical-align: middle; height: 36px;\"><span data-olk-copy-source=\"MessageBody\">Pr\u0105d, woda , drzewa owocowe, krzewy<\/span><\/td>\n<td style=\"width: 20.0422%; vertical-align: middle; height: 36px;\"><span data-olk-copy-source=\"MessageBody\">510 894 661<\/span><\/td>\n<td style=\"text-align: center; width: 19.1983%; vertical-align: middle; height: 36px;\">do uzgodnienia<\/td>\n<\/tr>\n<tr style=\"height: 54px;\">\n<td style=\"width: 12.6582%; vertical-align: middle; text-align: center; height: 54px;\">282<\/td>\n<td style=\"text-align: center; width: 12.8692%; vertical-align: middle; height: 54px;\"><span style=\"color: #000000;\">&nbsp;400m<sup>2<\/sup><\/span><\/td>\n<td style=\"width: 35.0211%; text-align: center; vertical-align: middle; height: 54px;\">Murowana altana, pr\u0105d, toaleta, w\u0119dzarnia<\/td>\n<td style=\"width: 20.0422%; vertical-align: middle; height: 54px;\">508 208 071<\/td>\n<td style=\"text-align: center; width: 19.1983%; vertical-align: middle; height: 54px;\">40.000,- z\u0142 do negocjacji<\/td>\n<\/tr>\n<tr>\n<td style=\"width: 12.6582%; vertical-align: middle; text-align: center;\">307<\/td>\n<td style=\"text-align: center; width: 12.8692%; vertical-align: middle;\"><span style=\"color: #000000;\">400m<sup>2<\/sup><\/span><\/td>\n<td style=\"width: 35.0211%; text-align: center; vertical-align: middle;\">Altanka drewniana, drzewa owocowe i krzewy, woda, pr\u0105d. Dzia\u0142ka po\u0142o\u017cona blisko alei g\u0142\u00f3wnej i budynku ROD &#8222;Zorza&#8221;<\/td>\n<td style=\"width: 20.0422%; vertical-align: middle;\">602 578 934<\/td>\n<td style=\"text-align: center; width: 19.1983%; vertical-align: middle;\">do uzgodnienia<\/td>\n<\/tr>\n<tr style=\"height: 18px;\">\n<td style=\"width: 12.6582%; vertical-align: middle; text-align: center; height: 18px;\">320<\/td>\n<td style=\"text-align: center; width: 12.8692%; vertical-align: middle; height: 18px;\"><span style=\"color: #000000;\">&nbsp;400m<sup>2<\/sup><\/span><\/td>\n<td style=\"width: 35.0211%; text-align: center; vertical-align: middle; height: 18px;\">Woda, altana, drzewa owocowe<\/td>\n<td style=\"width: 20.0422%; vertical-align: middle; height: 18px;\">601 334 804<\/p>\n<p>608 352 229<\/td>\n<td style=\"text-align: center; width: 19.1983%; vertical-align: middle; height: 18px;\">do uzgodnienia<\/td>\n<\/tr>\n<tr style=\"height: 54px;\">\n<td style=\"width: 12.6582%; vertical-align: middle; text-align: center; height: 54px;\">323<\/td>\n<td style=\"text-align: center; width: 12.8692%; vertical-align: middle; height: 54px;\"><span style=\"color: #000000;\">400m<sup>2<\/sup><\/span><\/td>\n<td style=\"width: 35.0211%; text-align: center; vertical-align: middle; height: 54px;\">Dzia\u0142ka posiada pr\u0105d, woda, piwnica z zadaszeniem, toaleta<\/td>\n<td style=\"width: 20.0422%; vertical-align: middle; height: 54px;\">697&nbsp;338&nbsp;760<\/td>\n<td style=\"text-align: center; width: 19.1983%; vertical-align: middle; height: 54px;\">do uzgodnienia<\/td>\n<\/tr>\n<tr style=\"height: 234px;\">\n<td style=\"width: 12.6582%; vertical-align: middle; text-align: center; height: 234px;\">338<\/td>\n<td style=\"text-align: center; width: 12.8692%; vertical-align: middle; height: 234px;\"><span style=\"color: #000000;\">404m<sup>2<\/sup><\/span><\/td>\n<td style=\"width: 35.0211%; text-align: center; vertical-align: middle; height: 234px;\">Wyposa\u017cenie: energia elektryczna, woda, kompostownik, murowana altana (osobne WC, osobne pomieszczenie gospodarcze i na narz\u0119dzia), sta\u0142a szklarnia, r\u00f3\u017cne wieloletnie drzewa i krzewy, dzia\u0142ka op\u0142acona do po\u0142owy 2025 r.<\/td>\n<td style=\"width: 20.0422%; vertical-align: middle; height: 234px;\">665 271 448<\/td>\n<td style=\"text-align: center; width: 19.1983%; vertical-align: middle; height: 234px;\">40.000,- z\u0142 do negocjacji<\/td>\n<\/tr>\n<tr style=\"height: 90px;\">\n<td style=\"text-align: center; width: 12.6582%; vertical-align: middle; height: 90px;\">352<\/td>\n<td style=\"text-align: center; width: 12.8692%; vertical-align: middle; height: 90px;\"><span style=\"color: #000000;\">400m<sup>2<\/sup><\/span><\/td>\n<td style=\"width: 35.0211%; text-align: center; vertical-align: middle; height: 90px;\">Murowana altana z mo\u017cliwo\u015bci\u0105 ogrzewania, r\u00f3\u017cne drzewa, energia elektryczna<\/td>\n<td style=\"width: 20.0422%; vertical-align: middle; height: 90px;\">734 517 647<\/td>\n<td style=\"text-align: center; width: 19.1983%; vertical-align: middle; height: 90px;\">do uzgodnienia<\/td>\n<\/tr>\n<tr style=\"height: 108px;\">\n<td style=\"text-align: center; width: 12.6582%; vertical-align: middle; height: 108px;\">369<\/td>\n<td style=\"text-align: center; width: 12.8692%; vertical-align: middle; height: 108px;\"><span style=\"color: #000000;\">416m<sup>2<\/sup><\/span><\/td>\n<td style=\"width: 35.0211%; text-align: center; vertical-align: middle; height: 108px;\">\n<div class=\"x_elementToProof\" role=\"presentation\" data-olk-copy-source=\"MessageBody\">Altana murowana nowa (2022r.)<\/div>\n<div class=\"x_elementToProof\" role=\"presentation\" data-olk-copy-source=\"MessageBody\">Taras, pr\u0105d, woda, drzewka&nbsp; owocowe, drzewka ozdobne, du\u017co&nbsp; kwiat\u00f3w<\/div>\n<\/td>\n<td style=\"width: 20.0422%; vertical-align: middle; height: 108px;\"><span data-olk-copy-source=\"MessageBody\">602 246 953<\/span><\/td>\n<td style=\"text-align: center; width: 19.1983%; vertical-align: middle; height: 108px;\">do uzgodnienia<\/td>\n<\/tr>\n<\/tbody>\n<\/table>\n<p>&nbsp;<\/p>\n","protected":false},"excerpt":{"rendered":"<p>Uwaga dotycz\u0105ca kupuj\u0105cego dzia\u0142k\u0119: &nbsp;&nbsp;&nbsp;&nbsp; Opr\u00f3cz kwoty wynegocjowanej ze&nbsp;sprzedaj\u0105cym dzia\u0142k\u0119 oraz&nbsp;kwoty oko\u0142o 25z\u0142 za&nbsp;jeden podpis (koszt notariusza) wynikaj\u0105cej z&nbsp;podpisania \u201eUmowy przeniesienia praw do&nbsp;dzia\u0142ki\u201d, kt\u00f3rej&nbsp;to podpisanie trzeba potwierdzi\u0107 u&nbsp;notariusza, kupuj\u0105cy ponosi r\u00f3wnie\u017c dodatkowe koszty statutowe z&nbsp;tabelki poni\u017cej: podwy\u017cszona op\u0142ata ogrodowa &#8211; 530z\u0142 op\u0142ata wpisowa &#8211; 400z\u0142 sk\u0142adka cz\u0142onkowska &#8211; 10z\u0142 Sektor A Nr dzia\u0142ki Pow. dzia\u0142ki &hellip; <a href=\"https:\/\/www.rodzorza.legnica.pl\/?page_id=4066\" class=\"more-link\">Czytaj dalej <span class=\"screen-reader-text\">Dzia\u0142ki na sprzeda\u017c<\/span> <span class=\"meta-nav\">&rarr;<\/span><\/a><\/p>\n","protected":false},"author":2,"featured_media":0,"parent":0,"menu_order":0,"comment_status":"closed","ping_status":"closed","template":"","meta":{"ngg_post_thumbnail":0,"footnotes":""},"class_list":["post-4066","page","type-page","status-publish","hentry"],"_links":{"self":[{"href":"https:\/\/www.rodzorza.legnica.pl\/index.php?rest_route=\/wp\/v2\/pages\/4066","targetHints":{"allow":["GET"]}}],"collection":[{"href":"https:\/\/www.rodzorza.legnica.pl\/index.php?rest_route=\/wp\/v2\/pages"}],"about":[{"href":"https:\/\/www.rodzorza.legnica.pl\/index.php?rest_route=\/wp\/v2\/types\/page"}],"author":[{"embeddable":true,"href":"https:\/\/www.rodzorza.legnica.pl\/index.php?rest_route=\/wp\/v2\/users\/2"}],"replies":[{"embeddable":true,"href":"https:\/\/www.rodzorza.legnica.pl\/index.php?rest_route=%2Fwp%2Fv2%2Fcomments&post=4066"}],"version-history":[{"count":131,"href":"https:\/\/www.rodzorza.legnica.pl\/index.php?rest_route=\/wp\/v2\/pages\/4066\/revisions"}],"predecessor-version":[{"id":6606,"href":"https:\/\/www.rodzorza.legnica.pl\/index.php?rest_route=\/wp\/v2\/pages\/4066\/revisions\/6606"}],"wp:attachment":[{"href":"https:\/\/www.rodzorza.legnica.pl\/index.php?rest_route=%2Fwp%2Fv2%2Fmedia&parent=4066"}],"curies":[{"name":"wp","href":"https:\/\/api.w.org\/{rel}","templated":true}]}}