{"id":4186,"date":"2018-01-16T09:01:08","date_gmt":"2018-01-16T08:01:08","guid":{"rendered":"http:\/\/www.rodzorza.legnica.pl\/?page_id=4186"},"modified":"2018-01-16T23:02:36","modified_gmt":"2018-01-16T22:02:36","slug":"prawo-blizej-dzialkowca","status":"publish","type":"page","link":"https:\/\/www.rodzorza.legnica.pl\/?page_id=4186","title":{"rendered":"Prawo bli\u017cej dzia\u0142kowca"},"content":{"rendered":"<p style=\"text-align: center;\"><a href=\"http:\/\/pzd.pl\/zagospodarowanie-rod.html\"><strong><span style=\"font-size: 20px;\">Zagospodarowanie dzia\u0142ki w ROD<\/span><\/strong><\/a><\/p>\n<p style=\"text-align: center;\"><a href=\"http:\/\/pzd.pl\/artykuly\/17290\/113\/Altana-na-dzialce-w-ROD.html\"><span style=\"font-size: 20px;\"><strong>Altana na dzia\u0142ce w ROD<\/strong><\/span><\/a><\/p>\n<p style=\"text-align: center;\"><span style=\"font-size: 20px;\"><strong><a href=\"http:\/\/pzd.pl\/oplaty.html\">Op\u0142aty<\/a><\/strong><\/span><\/p>\n<p style=\"text-align: center;\"><span style=\"font-size: 20px;\"><strong><a href=\"http:\/\/pzd.pl\/artykuly\/17783\/191\/Sad-Najwyzszy-rozstrzyga-watpliwosci-dotyczace-art-37-ustawy-o-ROD.html\">Wypowiedzenie umowy dzier\u017cawy dzia\u0142ki<\/a><\/strong><\/span><\/p>\n<p style=\"text-align: center;\"><span style=\"font-size: 20px;\"><strong><a href=\"http:\/\/pzd.pl\/sprawy-rozne-2.html\">Sprawy r\u00f3\u017cne<\/a><\/strong><\/span><\/p>\n<p style=\"text-align: center;\"><span style=\"font-size: 20px;\"><strong><a href=\"http:\/\/pzd.pl\/sprawy-z-dyzurow-telefonicznych.html\">Pytania i w\u0105tpliwo\u015bci dzia\u0142kowc\u00f3w<\/a><\/strong><\/span><\/p>\n<p style=\"text-align: center;\"><strong><span style=\"font-size: 20px;\"><a href=\"http:\/\/pzd.pl\/walne-zebrania.html\">Walne Zebranie<\/a><\/span><\/strong><\/p>\n<p style=\"text-align: center;\"><strong><span style=\"font-size: 20px;\"><a href=\"http:\/\/pzd.pl\/czlonkostwo-w-pzd.html\">Cz\u0142onkostwo w PZD<\/a><\/span><\/strong><\/p>\n<p style=\"text-align: center;\"><strong><span style=\"font-size: 20px;\"><a href=\"http:\/\/pzd.pl\/przeniesienie-prawa-do-dzialki.html\">Przeniesienie prawa do dzia\u0142ki<\/a><\/span><\/strong><\/p>\n<p style=\"text-align: center;\"><strong><span style=\"font-size: 20px;\"><a href=\"http:\/\/pzd.pl\/artykuly\/17119\/191\/Skutki-nieprzestrzegania-regulaminu-ROD.html\">Skutki nieprzestrzegania regulaminu ROD<\/a><\/span><\/strong><\/p>\n<p style=\"text-align: center;\"><span style=\"font-size: 20px;\"><strong><a href=\"http:\/\/pzd.pl\/artykuly\/21004\/191\/Czy-zarzad-ROD-moze-odciac-dzialkowcowi-prad-na-dzialce-w-ROD-z-uwagi-na-zaleglosci-w-oplatach-ogrodowych.html\">Czy Zarz\u0105d ROD mo\u017ce odci\u0105\u0107 dzia\u0142kowcowi pr\u0105d<br \/>\nna dzia\u0142ce?<\/a><\/strong><\/span><\/p>\n","protected":false},"excerpt":{"rendered":"<p>Zagospodarowanie dzia\u0142ki w ROD Altana na dzia\u0142ce w ROD Op\u0142aty Wypowiedzenie umowy dzier\u017cawy dzia\u0142ki Sprawy r\u00f3\u017cne Pytania i w\u0105tpliwo\u015bci dzia\u0142kowc\u00f3w Walne Zebranie Cz\u0142onkostwo w PZD Przeniesienie prawa do dzia\u0142ki Skutki nieprzestrzegania regulaminu ROD Czy Zarz\u0105d ROD mo\u017ce odci\u0105\u0107 dzia\u0142kowcowi pr\u0105d na dzia\u0142ce?<\/p>\n","protected":false},"author":2,"featured_media":0,"parent":0,"menu_order":0,"comment_status":"closed","ping_status":"closed","template":"","meta":{"ngg_post_thumbnail":0,"footnotes":""},"class_list":["post-4186","page","type-page","status-publish","hentry"],"_links":{"self":[{"href":"https:\/\/www.rodzorza.legnica.pl\/index.php?rest_route=\/wp\/v2\/pages\/4186","targetHints":{"allow":["GET"]}}],"collection":[{"href":"https:\/\/www.rodzorza.legnica.pl\/index.php?rest_route=\/wp\/v2\/pages"}],"about":[{"href":"https:\/\/www.rodzorza.legnica.pl\/index.php?rest_route=\/wp\/v2\/types\/page"}],"author":[{"embeddable":true,"href":"https:\/\/www.rodzorza.legnica.pl\/index.php?rest_route=\/wp\/v2\/users\/2"}],"replies":[{"embeddable":true,"href":"https:\/\/www.rodzorza.legnica.pl\/index.php?rest_route=%2Fwp%2Fv2%2Fcomments&post=4186"}],"version-history":[{"count":9,"href":"https:\/\/www.rodzorza.legnica.pl\/index.php?rest_route=\/wp\/v2\/pages\/4186\/revisions"}],"predecessor-version":[{"id":4211,"href":"https:\/\/www.rodzorza.legnica.pl\/index.php?rest_route=\/wp\/v2\/pages\/4186\/revisions\/4211"}],"wp:attachment":[{"href":"https:\/\/www.rodzorza.legnica.pl\/index.php?rest_route=%2Fwp%2Fv2%2Fmedia&parent=4186"}],"curies":[{"name":"wp","href":"https:\/\/api.w.org\/{rel}","templated":true}]}}