{"id":54,"date":"2014-06-29T15:39:52","date_gmt":"2014-06-29T14:39:52","guid":{"rendered":"http:\/\/www.rodzorza.legnica.pl\/?page_id=54"},"modified":"2018-01-14T22:29:08","modified_gmt":"2018-01-14T21:29:08","slug":"kronika-ogrodu","status":"publish","type":"page","link":"https:\/\/www.rodzorza.legnica.pl\/?page_id=54","title":{"rendered":"Kronika ogrodu"},"content":{"rendered":"<p style=\"text-align: center;\"><strong><span style=\"font-family: times new roman,times;\"><span style=\"color: #339966;\">Historia ROD \u201eZORZA\u201d w Ziemnicach<\/span><\/span><\/strong><\/p>\n<p style=\"text-align: justify;\"><span style=\"font-family: times new roman,times;\">&nbsp;&nbsp;&nbsp;&nbsp; ROD \u201eZORZA\u201d w Ziemnicach powsta\u0142 w 1982r.&nbsp;Urz\u0105d Rejonowy w&nbsp;Legnicy dzia\u0142aj\u0105cy w imieniu Skarbu Pa\u0144stwa, w dniu 13 stycznia 1997r. Aktem Notarialnym Rep. A nr 239\/97 przekaza\u0142 Polskiemu Zwi\u0105zkowi Dzia\u0142kowc\u00f3w z siedzib\u0105 w Warszawie &#8211; w trybie ustawy z&nbsp;dnia 29 kwietnia 1985r. o gospodarce gruntami i wyw\u0142aszczeniu nieruchomo\u015bci (Dz. U. Nr 30 poz.127 z p\u00f3\u017an. zm.) oraz art.2 ust 1, 2, 3 i 4 ustawy z dnia 23 czerwca1995r. o zmianie ustawy o pracowniczych ogrodach dzia\u0142kowych (Dz.&nbsp;U. Nr 99 poz. 468) &#8211; oddanie nieodp\u0142atnie na rzecz Polskiego Zwi\u0105zku Dzia\u0142kowc\u00f3w z siedzib\u0105 w Warszawie w u\u017cytkowanie wieczyste na 99 lat nieruchomo\u015bci, tj. niezabudowane&nbsp; dzia\u0142ki o&nbsp;numerach geodezyjnych 519, 518, 582, 583, 577\/5, 577\/8 o \u0142\u0105cznej powierzchni 49,53ha. Pierwsza op\u0142ata roczna wynosi\u0142a 22.928,62&nbsp;z\u0142. Cen\u0119 gruntu na dzie\u0144 przekazania ustalono na&nbsp; kwot\u0119 152.857,49z\u0142. W \u00a79 Aktu Notarialnego zaznaczono tryb rozwi\u0105zania umowy przed up\u0142ywem okre\u015blonego terminu. Wed\u0142ug podzia\u0142u geodezyjnego na poszczeg\u00f3lne dzia\u0142ki powierzchnia og\u00f3\u0142em wynosi 37,50ha i obejmuje 750 dzia\u0142ek.<\/span><\/p>\n<p style=\"text-align: justify;\"><img loading=\"lazy\" decoding=\"async\" class=\"aligncenter size-full wp-image-887\" src=\"http:\/\/www.rodzorza.legnica.pl\/wp-content\/uploads\/2014\/07\/linia.jpg\" alt=\"linia\" width=\"388\" height=\"32\" srcset=\"https:\/\/www.rodzorza.legnica.pl\/wp-content\/uploads\/2014\/07\/linia.jpg 388w, https:\/\/www.rodzorza.legnica.pl\/wp-content\/uploads\/2014\/07\/linia-300x24.jpg 300w\" sizes=\"auto, (max-width: 388px) 100vw, 388px\" \/><\/p>\n<p style=\"text-align: justify;\"><span style=\"color: #800000;\"><em><span style=\"font-family: times new roman,times;\">Co nieco z historii bli\u017cszej dzia\u0142kowcowi\u2026<\/span><\/em><\/span><\/p>\n<p style=\"text-align: justify;\"><span style=\"font-family: times new roman,times;\">Sk\u0142ad komitetu organizacyjnego POD \u201eZorza\u201d, kt\u00f3ry zosta\u0142 wybrany 16&nbsp;lipca 1982r.<\/span><\/p>\n<p style=\"text-align: justify;\"><strong><span style=\"text-decoration: underline;\"><span style=\"font-family: times new roman,times;\">Zarz\u0105d<\/span>:<\/span><\/strong><br \/>\n<span style=\"font-family: times new roman,times;\"> Prezes&nbsp;&nbsp;&nbsp;&nbsp;&nbsp;&nbsp;&nbsp;&nbsp;&nbsp;&nbsp;&nbsp;&nbsp;&nbsp;&nbsp;&nbsp;&nbsp;&nbsp;&nbsp;&nbsp;&nbsp;&nbsp; &nbsp; &nbsp;&nbsp; \u2013 Wac\u0142aw&nbsp;&nbsp;&nbsp; ZI\u0118TEK<\/span><br \/>\n<span style=\"font-family: times new roman,times;\"> Wiceprezes&nbsp;&nbsp;&nbsp;&nbsp;&nbsp;&nbsp;&nbsp;&nbsp;&nbsp;&nbsp;&nbsp;&nbsp;&nbsp;&nbsp;&nbsp;&nbsp;&nbsp;&nbsp; \u2013 Ryszard&nbsp;&nbsp;&nbsp; KLEPACKI<\/span><br \/>\n<span style=\"font-family: times new roman,times;\"> Sekretarz&nbsp;&nbsp;&nbsp;&nbsp;&nbsp;&nbsp;&nbsp;&nbsp;&nbsp;&nbsp;&nbsp;&nbsp;&nbsp;&nbsp;&nbsp;&nbsp;&nbsp;&nbsp;&nbsp;&nbsp;&nbsp; \u2013 Eugenia&nbsp;&nbsp;&nbsp; \u0141UCKA<\/span><br \/>\n<span style=\"font-family: times new roman,times;\"> Cz\u0142onkowie:&nbsp;&nbsp;&nbsp;&nbsp;&nbsp;&nbsp;&nbsp;&nbsp;&nbsp;&nbsp;&nbsp;&nbsp;&nbsp;&nbsp;&nbsp;&nbsp; <\/span><\/p>\n<p style=\"text-align: justify; padding-left: 150px;\"><span style=\"font-family: times new roman,times;\"><span style=\"font-family: times new roman,times;\">\u2013<\/span> Stefan&nbsp;&nbsp;&nbsp;&nbsp;&nbsp;&nbsp; PALUCH<br \/>\n<\/span><span style=\"font-family: times new roman,times;\"><span style=\"font-family: times new roman,times;\">\u2013<\/span> Czes\u0142aw&nbsp;&nbsp;&nbsp; BANASZAK<\/span><br \/>\n<span style=\"font-family: times new roman,times;\"> <span style=\"font-family: times new roman,times;\">\u2013<\/span> Stanis\u0142aw&nbsp; BOROWIEC<\/span><br \/>\n<span style=\"font-family: times new roman,times;\"> <span style=\"font-family: times new roman,times;\">\u2013<\/span> Stefan&nbsp;&nbsp;&nbsp;&nbsp;&nbsp;&nbsp; WALASIAK<\/span><br \/>\n<span style=\"font-family: times new roman,times;\"> <span style=\"font-family: times new roman,times;\">\u2013<\/span> Kazimierz ZAJ\u0104C<\/span><\/p>\n<p style=\"text-align: justify;\"><span style=\"font-family: times new roman,times;\"><strong>Gospodarz ogrodu<\/strong>&nbsp;&nbsp;&nbsp;&nbsp;&nbsp;&nbsp;&nbsp; \u2013 Stanis\u0142aw&nbsp; SO\u0141OWIEJ<\/span><\/p>\n<p style=\"text-align: justify;\"><strong><span style=\"text-decoration: underline;\"><span style=\"font-family: times new roman,times;\">Komisja Rewizyjna:<\/span><\/span><\/strong><br \/>\n<span style=\"font-family: times new roman,times;\"> Przewodnicz\u0105ca&nbsp;&nbsp;&nbsp;&nbsp;&nbsp;&nbsp;&nbsp;&nbsp;&nbsp;&nbsp;&nbsp; \u2013 Gra\u017cyna&nbsp;&nbsp;&nbsp; MAZURKIEWICZ<\/span><br \/>\n<span style=\"font-family: times new roman,times;\"> Cz\u0142onkowie:<\/span><\/p>\n<p style=\"text-align: justify; padding-left: 150px;\"><span style=\"font-family: times new roman,times;\"><span style=\"font-family: times new roman,times;\">\u2013<\/span> Leszek&nbsp;&nbsp;&nbsp;&nbsp;&nbsp;&nbsp; RYBARCZYK<\/span><br \/>\n<span style=\"font-family: times new roman,times;\"> <span style=\"font-family: times new roman,times;\">\u2013 <\/span>Ryszard&nbsp;&nbsp; &nbsp; BOJARSKI<\/span><\/p>\n<p style=\"text-align: justify;\"><strong><span style=\"text-decoration: underline;\"><span style=\"font-family: times new roman,times;\">Komisja Rozjemcza<\/span><\/span>:<\/strong><br \/>\n<span style=\"font-family: times new roman,times;\"> Przewodnicz\u0105ca&nbsp;&nbsp;&nbsp;&nbsp;&nbsp;&nbsp;&nbsp;&nbsp;&nbsp;&nbsp;&nbsp; \u2013 Krystyna&nbsp;&nbsp; KOZAKIEWICZ<\/span><br \/>\n<span style=\"font-family: times new roman,times;\"> Cz\u0142onkowie:<\/span><\/p>\n<p style=\"text-align: justify; padding-left: 150px;\"><span style=\"font-family: times new roman,times;\"><span style=\"font-family: times new roman,times;\">\u2013<\/span>&nbsp;Anna&nbsp;&nbsp;&nbsp;&nbsp;&nbsp;&nbsp;&nbsp;&nbsp;&nbsp; OWCZAREK<\/span><br \/>\n<span style=\"font-family: times new roman,times;\"><span style=\"font-family: times new roman,times;\">\u2013 <\/span>Jan&nbsp;&nbsp;&nbsp;&nbsp;&nbsp;&nbsp;&nbsp;&nbsp;&nbsp;&nbsp;&nbsp;&nbsp; WINIARSKI<\/span><\/p>\n<hr>\n<p><span style=\"font-family: times new roman,times;\">&nbsp;&nbsp;&nbsp;&nbsp; Wykaz zak\u0142ad\u00f3w pracy, kt\u00f3rych pracownicy otrzymali dzia\u0142ki na terenie POD &#8222;Zorza&#8221; w Ziemnicach na sektorach A i B w momencie powstawania ogrodu w latach 1982 i 1983.<\/span><\/p>\n<table>\n<tbody>\n<tr>\n<td style=\"text-align: center;\" colspan=\"3\" width=\"604\"><strong><span style=\"font-size: 14pt; color: #ff0000;\">Sektor &#8222;A&#8221;<\/span><\/strong><\/td>\n<\/tr>\n<tr>\n<td style=\"text-align: center;\" width=\"37\"><strong><span style=\"color: #008000;\">&nbsp;Lp.<\/span><\/strong><\/td>\n<td style=\"text-align: center;\" width=\"511\"><strong><span style=\"color: #008000;\">Zak\u0142ad pracy<\/span><\/strong><\/td>\n<td style=\"text-align: center;\" width=\"56\"><span style=\"color: #008000;\"><strong>Ilo\u015b\u0107 dzia\u0142ek<\/strong><\/span><\/td>\n<\/tr>\n<tr>\n<td style=\"text-align: right;\" width=\"37\">&nbsp;1.<\/td>\n<td width=\"511\">OPGK Zak\u0142ad Terenowy<\/td>\n<td style=\"text-align: right;\" width=\"56\">3<\/td>\n<\/tr>\n<tr>\n<td style=\"text-align: right;\" width=\"37\">&nbsp;2.<\/td>\n<td width=\"511\">WZSR ZOAPL<\/td>\n<td style=\"text-align: right;\" width=\"56\">14<\/td>\n<\/tr>\n<tr>\n<td style=\"text-align: right;\" width=\"37\">&nbsp;3.<\/td>\n<td width=\"511\">WZSR Zak\u0142ad Inwestycji i&nbsp;Budownictwa<\/td>\n<td style=\"text-align: right;\" width=\"56\">20<\/td>\n<\/tr>\n<tr>\n<td style=\"text-align: right;\" width=\"37\">&nbsp;4.<\/td>\n<td width=\"511\">WZSR \u201eSamopomoc Ch\u0142opska\u201d<\/td>\n<td style=\"text-align: right;\" width=\"56\">49<\/td>\n<\/tr>\n<tr>\n<td style=\"text-align: right;\" width=\"37\">&nbsp;5.<\/td>\n<td width=\"511\">Pa\u0144stwowy O\u015brodek Maszynowy<\/td>\n<td style=\"text-align: right;\" width=\"56\">28<\/td>\n<\/tr>\n<tr>\n<td style=\"text-align: right;\" width=\"37\">&nbsp;6.<\/td>\n<td width=\"511\">Wojew\u00f3dzkie Przedsi\u0119biorstwo Energetyki Cieplnej<\/td>\n<td style=\"text-align: right;\" width=\"56\">40<\/td>\n<\/tr>\n<tr>\n<td style=\"text-align: right;\" width=\"37\">&nbsp;7.<\/td>\n<td width=\"511\">WSS \u201eSpo\u0142em\u201d<\/td>\n<td style=\"text-align: right;\" width=\"56\">15<\/td>\n<\/tr>\n<tr>\n<td style=\"text-align: right;\" width=\"37\">&nbsp;8.<\/td>\n<td width=\"511\">Zak\u0142ad Przetw\u00f3rstwa Owocowo-Warzywnego<\/td>\n<td style=\"text-align: right;\" width=\"56\">26<\/td>\n<\/tr>\n<tr>\n<td style=\"text-align: right;\" width=\"37\">&nbsp;9.<\/td>\n<td width=\"511\">Energopol 7<\/td>\n<td style=\"text-align: right;\" width=\"56\">10<\/td>\n<\/tr>\n<tr>\n<td style=\"text-align: right;\" width=\"37\">&nbsp;10.<\/td>\n<td width=\"511\">Transkom<\/td>\n<td style=\"text-align: right;\" width=\"56\">50<\/td>\n<\/tr>\n<tr>\n<td style=\"text-align: right;\" width=\"37\">&nbsp;11.<\/td>\n<td width=\"511\">Wojew\u00f3dzkie Przedsi\u0119biorstwo Komunikacyjne<\/td>\n<td style=\"text-align: right;\" width=\"56\">24<\/td>\n<\/tr>\n<tr>\n<td style=\"text-align: right;\" width=\"37\">&nbsp;12.<\/td>\n<td width=\"511\">Dzia\u0142kowcy indywidualni<\/td>\n<td style=\"text-align: right;\" width=\"56\">72<\/td>\n<\/tr>\n<tr>\n<td style=\"text-align: center;\" colspan=\"3\" width=\"604\"><strong><span style=\"font-size: 14pt; color: #ff0000;\">Sektor &#8222;B&#8221;<\/span><\/strong><\/td>\n<\/tr>\n<tr>\n<td style=\"text-align: right;\" width=\"37\">&nbsp;1.<\/td>\n<td width=\"511\">Sp\u00f3\u0142dzielnia Transportu Wiejskiego<\/td>\n<td style=\"text-align: right;\" width=\"56\">24<\/td>\n<\/tr>\n<tr>\n<td style=\"text-align: right;\" width=\"37\">&nbsp;2.<\/td>\n<td width=\"511\">Legnicka Sp\u00f3\u0142dzielnia Mieszkaniowa<\/td>\n<td style=\"text-align: right;\" width=\"56\">8<\/td>\n<\/tr>\n<tr>\n<td style=\"text-align: right;\" width=\"37\">&nbsp;3.<\/td>\n<td width=\"511\">Sp\u00f3\u0142dzielnia Mieszkaniowa \u201ePiekary\u201d<\/td>\n<td style=\"text-align: right;\" width=\"56\">14<\/td>\n<\/tr>\n<tr>\n<td style=\"text-align: right;\" width=\"37\">&nbsp;4.<\/td>\n<td width=\"511\">Wojew\u00f3dzka Sp\u00f3\u0142dzielnia Mieszkaniowa \u201eInwestprojekt\u201d<\/td>\n<td style=\"text-align: right;\" width=\"56\">20<\/td>\n<\/tr>\n<tr>\n<td style=\"text-align: right;\" width=\"37\">&nbsp;5.<\/td>\n<td width=\"511\">Wojew\u00f3dzki Zarz\u0105d Rozbudowy Miast i&nbsp;Osiedli Wiejskich<\/td>\n<td style=\"text-align: right;\" width=\"56\">8<\/td>\n<\/tr>\n<tr>\n<td style=\"text-align: right;\" width=\"37\">&nbsp;6.<\/td>\n<td width=\"511\">Legnicka Sp\u00f3\u0142dzielnia Mieszkaniowa &#8211; Zak\u0142ad Remontowo-Budowlany<\/td>\n<td style=\"text-align: right;\" width=\"56\">23<\/td>\n<\/tr>\n<tr>\n<td style=\"text-align: right;\" width=\"37\">&nbsp;7.<\/td>\n<td width=\"511\">Wojew\u00f3dzki Zarz\u0105d Sp\u00f3\u0142dzielni Mieszkaniowych<\/td>\n<td style=\"text-align: right;\" width=\"56\">15<\/td>\n<\/tr>\n<tr>\n<td style=\"text-align: right;\" width=\"37\">&nbsp;8.<\/td>\n<td width=\"511\">Zak\u0142ad Energetyczny (z&nbsp;puli Sp\u00f3\u0142dzielni Mieszkaniowej)<\/td>\n<td style=\"text-align: right;\" width=\"56\">19<\/td>\n<\/tr>\n<tr>\n<td style=\"text-align: right;\" width=\"37\">&nbsp;9.<\/td>\n<td width=\"511\">Zak\u0142ady Graficzne<\/td>\n<td style=\"text-align: right;\" width=\"56\">17<\/td>\n<\/tr>\n<tr>\n<td style=\"text-align: right;\" width=\"37\">&nbsp;10.<\/td>\n<td width=\"511\">RSW \u201eKsi\u0105\u017cka-Prasa-Ruch\u201d<\/td>\n<td style=\"text-align: right;\" width=\"56\">15<\/td>\n<\/tr>\n<tr>\n<td style=\"text-align: right;\" width=\"37\">&nbsp;11.<\/td>\n<td width=\"511\">Wojew\u00f3dzki Zwi\u0105zek K\u00f3\u0142ek i&nbsp;Organizacji Rolniczych<\/td>\n<td style=\"text-align: right;\" width=\"56\">3<\/td>\n<\/tr>\n<tr>\n<td style=\"text-align: right;\" width=\"37\">&nbsp;12.<\/td>\n<td width=\"511\">Wojew\u00f3dzkie Biuro Geodezji i&nbsp;Teren\u00f3w Rolnych<\/td>\n<td style=\"text-align: right;\" width=\"56\">7<\/td>\n<\/tr>\n<tr>\n<td style=\"text-align: right;\" width=\"37\">&nbsp;13.<\/td>\n<td width=\"511\">Rejonowy Urz\u0105d Spraw Wewn\u0119trznych (MO)<\/td>\n<td style=\"text-align: right;\" width=\"56\">25<\/td>\n<\/tr>\n<tr>\n<td style=\"text-align: right;\" width=\"37\">&nbsp;14.<\/td>\n<td width=\"511\">Wroc\u0142awskie Przedsi\u0119biorstwo Rob\u00f3t In\u017cynieryjnych Budownictwa Przemys\u0142owego 1<\/td>\n<td style=\"text-align: right;\" width=\"56\">9<\/td>\n<\/tr>\n<tr>\n<td style=\"text-align: right;\" width=\"37\">&nbsp;15.<\/td>\n<td width=\"511\">Wroc\u0142awskie Przedsi\u0119biorstwo Instalacji Przemys\u0142owych<\/td>\n<td style=\"text-align: right;\" width=\"56\">6<\/td>\n<\/tr>\n<tr>\n<td style=\"text-align: right;\" width=\"37\">&nbsp;16.<\/td>\n<td width=\"511\">Prokuratura Wojew\u00f3dzka<\/td>\n<td style=\"text-align: right;\" width=\"56\">4<\/td>\n<\/tr>\n<tr>\n<td style=\"text-align: right;\" width=\"37\">&nbsp;17.<\/td>\n<td width=\"511\">Dyrekcja Rozbudowy Miast i&nbsp;Osiedli Wiejskich<\/td>\n<td style=\"text-align: right;\" width=\"56\">4<\/td>\n<\/tr>\n<tr>\n<td style=\"text-align: right;\" width=\"37\">&nbsp;18.<\/td>\n<td width=\"511\">Zak\u0142ady Odzie\u017cowe \u201eHanka\u201d<\/td>\n<td style=\"text-align: right;\" width=\"56\">40<\/td>\n<\/tr>\n<tr>\n<td style=\"text-align: right;\" width=\"37\">&nbsp;19.<\/td>\n<td width=\"511\">PRIBO<\/td>\n<td style=\"text-align: right;\" width=\"56\">44<\/td>\n<\/tr>\n<tr>\n<td style=\"text-align: right;\" width=\"37\">&nbsp;20.<\/td>\n<td width=\"511\">Dzia\u0142kowcy indywidualni<\/td>\n<td style=\"text-align: right;\" width=\"56\">73<\/td>\n<\/tr>\n<\/tbody>\n<\/table>\n<p style=\"text-align: justify;\"><img loading=\"lazy\" decoding=\"async\" class=\"aligncenter size-full wp-image-887\" src=\"http:\/\/www.rodzorza.legnica.pl\/wp-content\/uploads\/2014\/07\/linia.jpg\" alt=\"linia\" width=\"388\" height=\"32\" srcset=\"https:\/\/www.rodzorza.legnica.pl\/wp-content\/uploads\/2014\/07\/linia.jpg 388w, https:\/\/www.rodzorza.legnica.pl\/wp-content\/uploads\/2014\/07\/linia-300x24.jpg 300w\" sizes=\"auto, (max-width: 388px) 100vw, 388px\" \/><\/p>\n<p style=\"text-align: justify;\"><span style=\"font-size: 12pt;\"><em><span style=\"font-family: times new roman,times; color: #993300;\">W 2014 roku postanowili\u015bmy za\u0142o\u017cy\u0107 stron\u0119 internetow\u0105. Ma ona s\u0142u\u017cy\u0107 przede wszystkim naszym dzia\u0142kowcom. Za jej pomoc\u0105 chcemy uzyska\u0107 jak najwi\u0119cej informacji, uwag i spostrze\u017ce\u0144 o naszym ROD \u201eZorza\u201d, aby lepiej nim zarz\u0105dza\u0107 i lepiej gospodarowa\u0107 naszymi wsp\u00f3lnymi, skromnymi funduszami. Chcemy te\u017c t\u0105 drog\u0105 przekazywa\u0107 informacje o&nbsp;naszych planach i zamierzeniach Zarz\u0105du, a tak\u017ce o naszej bie\u017c\u0105cej pracy. My\u015blimy, \u017ce jest to dobra droga \u2013 jedna z wielu \u2013 do kontaktu z&nbsp;dzier\u017cawcami dzia\u0142ek w naszym ogrodzie.<\/span><\/em><\/span><\/p>\n<p style=\"text-align: justify;\"><span style=\"font-size: 12pt;\"><em><span style=\"font-family: times new roman,times; color: #993300;\">Zapraszamy do wsp\u00f3\u0142pracy i czekamy na Wasze uwagi i propozycje dotycz\u0105ce tre\u015bci i formy tej internetowej strony.<\/span><\/em><\/span><\/p>\n<p style=\"text-align: justify;\"><span style=\"font-size: 12pt;\"><em><span style=\"font-family: times new roman,times; color: #993300;\">Osoby dysponuj\u0105ce materia\u0142ami archiwalnymi i chc\u0105ce si\u0119 nimi podzieli\u0107, proszone s\u0105 o kontakt w czasie godzin otwarcia biura Zarz\u0105du. Po ewentualnym wykorzystaniu, materia\u0142y zwr\u00f3cimy w\u0142a\u015bcicielowi.<\/span><\/em><\/span><\/p>\n","protected":false},"excerpt":{"rendered":"<p>Historia ROD \u201eZORZA\u201d w Ziemnicach &nbsp;&nbsp;&nbsp;&nbsp; ROD \u201eZORZA\u201d w Ziemnicach powsta\u0142 w 1982r.&nbsp;Urz\u0105d Rejonowy w&nbsp;Legnicy dzia\u0142aj\u0105cy w imieniu Skarbu Pa\u0144stwa, w dniu 13 stycznia 1997r. Aktem Notarialnym Rep. A nr 239\/97 przekaza\u0142 Polskiemu Zwi\u0105zkowi Dzia\u0142kowc\u00f3w z siedzib\u0105 w Warszawie &#8211; w trybie ustawy z&nbsp;dnia 29 kwietnia 1985r. o gospodarce gruntami i wyw\u0142aszczeniu nieruchomo\u015bci (Dz. U. &hellip; <a href=\"https:\/\/www.rodzorza.legnica.pl\/?page_id=54\" class=\"more-link\">Czytaj dalej <span class=\"screen-reader-text\">Kronika ogrodu<\/span> <span class=\"meta-nav\">&rarr;<\/span><\/a><\/p>\n","protected":false},"author":2,"featured_media":0,"parent":0,"menu_order":0,"comment_status":"closed","ping_status":"open","template":"","meta":{"ngg_post_thumbnail":0,"footnotes":""},"class_list":["post-54","page","type-page","status-publish","hentry"],"_links":{"self":[{"href":"https:\/\/www.rodzorza.legnica.pl\/index.php?rest_route=\/wp\/v2\/pages\/54","targetHints":{"allow":["GET"]}}],"collection":[{"href":"https:\/\/www.rodzorza.legnica.pl\/index.php?rest_route=\/wp\/v2\/pages"}],"about":[{"href":"https:\/\/www.rodzorza.legnica.pl\/index.php?rest_route=\/wp\/v2\/types\/page"}],"author":[{"embeddable":true,"href":"https:\/\/www.rodzorza.legnica.pl\/index.php?rest_route=\/wp\/v2\/users\/2"}],"replies":[{"embeddable":true,"href":"https:\/\/www.rodzorza.legnica.pl\/index.php?rest_route=%2Fwp%2Fv2%2Fcomments&post=54"}],"version-history":[{"count":64,"href":"https:\/\/www.rodzorza.legnica.pl\/index.php?rest_route=\/wp\/v2\/pages\/54\/revisions"}],"predecessor-version":[{"id":4139,"href":"https:\/\/www.rodzorza.legnica.pl\/index.php?rest_route=\/wp\/v2\/pages\/54\/revisions\/4139"}],"wp:attachment":[{"href":"https:\/\/www.rodzorza.legnica.pl\/index.php?rest_route=%2Fwp%2Fv2%2Fmedia&parent=54"}],"curies":[{"name":"wp","href":"https:\/\/api.w.org\/{rel}","templated":true}]}}